{"id":2259,"date":"2024-03-26T10:32:57","date_gmt":"2024-03-26T09:32:57","guid":{"rendered":"https:\/\/campofiore.eu\/greenlife\/"},"modified":"2025-07-11T12:45:39","modified_gmt":"2025-07-11T10:45:39","slug":"greenlife","status":"publish","type":"page","link":"https:\/\/campofiore.eu\/de\/greenlife\/","title":{"rendered":"Greenlife"},"content":{"rendered":"\t\t<div data-elementor-type=\"wp-page\" data-elementor-id=\"2259\" class=\"elementor elementor-2259 elementor-553\" data-elementor-post-type=\"page\">\n\t\t\t\t<div class=\"elementor-element elementor-element-4911dd7 e-flex e-con-boxed e-con e-parent\" data-id=\"4911dd7\" data-element_type=\"container\" data-e-type=\"container\" data-settings=\"{&quot;background_background&quot;:&quot;classic&quot;}\">\n\t\t\t\t\t<div class=\"e-con-inner\">\n\t\t<div class=\"elementor-element elementor-element-259f98f e-flex e-con-boxed e-con e-child\" data-id=\"259f98f\" data-element_type=\"container\" data-e-type=\"container\">\n\t\t\t\t\t<div class=\"e-con-inner\">\n\t\t\t\t<div class=\"elementor-element elementor-element-e59d131 elementor-widget elementor-widget-heading\" data-id=\"e59d131\" data-element_type=\"widget\" data-e-type=\"widget\" data-widget_type=\"heading.default\">\n\t\t\t\t<div class=\"elementor-widget-container\">\n\t\t\t\t\t<h2 class=\"elementor-heading-title elementor-size-default\">Greenlife<\/h2>\t\t\t\t<\/div>\n\t\t\t\t<\/div>\n\t\t\t\t<div class=\"elementor-element elementor-element-0dcbcb9 elementor-align-center elementor-widget elementor-widget-breadcrumbs\" data-id=\"0dcbcb9\" data-element_type=\"widget\" data-e-type=\"widget\" data-widget_type=\"breadcrumbs.default\">\n\t\t\t\t<div class=\"elementor-widget-container\">\n\t\t\t\t\t<p id=\"breadcrumbs\"><span><span><a href=\"https:\/\/campofiore.eu\/de\/\">Home<\/a><\/span><\/span><\/p>\t\t\t\t<\/div>\n\t\t\t\t<\/div>\n\t\t\t\t\t<\/div>\n\t\t\t\t<\/div>\n\t\t\t\t\t<\/div>\n\t\t\t\t<\/div>\n\t\t<div class=\"elementor-element elementor-element-26e16ad e-flex e-con-boxed e-con e-parent\" data-id=\"26e16ad\" data-element_type=\"container\" data-e-type=\"container\" data-settings=\"{&quot;background_background&quot;:&quot;classic&quot;}\">\n\t\t\t\t\t<div class=\"e-con-inner\">\n\t\t<div class=\"elementor-element elementor-element-830c42e e-flex e-con-boxed e-con e-child\" data-id=\"830c42e\" data-element_type=\"container\" data-e-type=\"container\" data-settings=\"{&quot;background_background&quot;:&quot;classic&quot;}\">\n\t\t\t\t\t<div class=\"e-con-inner\">\n\t\t<div class=\"elementor-element elementor-element-e42d7c8 e-grid e-con-boxed e-con e-child\" data-id=\"e42d7c8\" data-element_type=\"container\" data-e-type=\"container\">\n\t\t\t\t\t<div class=\"e-con-inner\">\n\t\t<div class=\"elementor-element elementor-element-f713312 e-flex e-con-boxed e-con e-child\" data-id=\"f713312\" data-element_type=\"container\" data-e-type=\"container\">\n\t\t\t\t\t<div class=\"e-con-inner\">\n\t\t\t\t<div class=\"elementor-element elementor-element-629358e elementor-widget elementor-widget-heading\" data-id=\"629358e\" data-element_type=\"widget\" data-e-type=\"widget\" data-widget_type=\"heading.default\">\n\t\t\t\t<div class=\"elementor-widget-container\">\n\t\t\t\t\t<h2 class=\"elementor-heading-title elementor-size-default\">Green life Philosoph<\/h2>\t\t\t\t<\/div>\n\t\t\t\t<\/div>\n\t\t\t\t\t<\/div>\n\t\t\t\t<\/div>\n\t\t<div class=\"elementor-element elementor-element-e6feeee e-flex e-con-boxed elementor-invisible e-con e-child\" data-id=\"e6feeee\" data-element_type=\"container\" data-e-type=\"container\" data-settings=\"{&quot;background_background&quot;:&quot;classic&quot;,&quot;animation&quot;:&quot;fadeInDown&quot;,&quot;animation_delay&quot;:1000}\">\n\t\t\t\t\t<div class=\"e-con-inner\">\n\t\t\t\t<div class=\"elementor-element elementor-element-bca7ba7 elementor-widget elementor-widget-heading\" data-id=\"bca7ba7\" data-element_type=\"widget\" data-e-type=\"widget\" data-widget_type=\"heading.default\">\n\t\t\t\t<div class=\"elementor-widget-container\">\n\t\t\t\t\t<h2 class=\"elementor-heading-title elementor-size-default\">Natur<\/h2>\t\t\t\t<\/div>\n\t\t\t\t<\/div>\n\t\t\t\t\t<\/div>\n\t\t\t\t<\/div>\n\t\t<div class=\"elementor-element elementor-element-6bba686 e-flex e-con-boxed elementor-invisible e-con e-child\" data-id=\"6bba686\" data-element_type=\"container\" data-e-type=\"container\" data-settings=\"{&quot;background_background&quot;:&quot;classic&quot;,&quot;animation&quot;:&quot;fadeInRight&quot;,&quot;animation_delay&quot;:500}\">\n\t\t\t\t\t<div class=\"e-con-inner\">\n\t\t\t\t\t<\/div>\n\t\t\t\t<\/div>\n\t\t<div class=\"elementor-element elementor-element-982b0a9 e-flex e-con-boxed elementor-invisible e-con e-child\" data-id=\"982b0a9\" data-element_type=\"container\" data-e-type=\"container\" data-settings=\"{&quot;background_background&quot;:&quot;classic&quot;,&quot;animation&quot;:&quot;fadeInLeft&quot;,&quot;animation_delay&quot;:1000}\">\n\t\t\t\t\t<div class=\"e-con-inner\">\n\t\t\t\t<div class=\"elementor-element elementor-element-c1fbdc6 elementor-widget elementor-widget-heading\" data-id=\"c1fbdc6\" data-element_type=\"widget\" data-e-type=\"widget\" data-widget_type=\"heading.default\">\n\t\t\t\t<div class=\"elementor-widget-container\">\n\t\t\t\t\t<h2 class=\"elementor-heading-title elementor-size-default\">Gr\u00fcnanlage<\/h2>\t\t\t\t<\/div>\n\t\t\t\t<\/div>\n\t\t\t\t\t<\/div>\n\t\t\t\t<\/div>\n\t\t<div class=\"elementor-element elementor-element-ee5bfd6 e-flex e-con-boxed elementor-invisible e-con e-child\" data-id=\"ee5bfd6\" data-element_type=\"container\" data-e-type=\"container\" data-settings=\"{&quot;background_background&quot;:&quot;classic&quot;,&quot;animation&quot;:&quot;fadeInRight&quot;,&quot;animation_delay&quot;:500}\">\n\t\t\t\t\t<div class=\"e-con-inner\">\n\t\t\t\t\t<\/div>\n\t\t\t\t<\/div>\n\t\t<div class=\"elementor-element elementor-element-9d9df16 e-flex e-con-boxed e-con e-child\" data-id=\"9d9df16\" data-element_type=\"container\" data-e-type=\"container\">\n\t\t\t\t\t<div class=\"e-con-inner\">\n\t\t\t\t\t<\/div>\n\t\t\t\t<\/div>\n\t\t<div class=\"elementor-element elementor-element-04c6b8e e-flex e-con-boxed e-con e-child\" data-id=\"04c6b8e\" data-element_type=\"container\" data-e-type=\"container\">\n\t\t\t\t\t<div class=\"e-con-inner\">\n\t\t\t\t\t<\/div>\n\t\t\t\t<\/div>\n\t\t<div class=\"elementor-element elementor-element-0f78912 e-flex e-con-boxed elementor-invisible e-con e-child\" data-id=\"0f78912\" data-element_type=\"container\" data-e-type=\"container\" data-settings=\"{&quot;background_background&quot;:&quot;classic&quot;,&quot;animation&quot;:&quot;fadeInLeft&quot;,&quot;animation_delay&quot;:1000}\">\n\t\t\t\t\t<div class=\"e-con-inner\">\n\t\t\t\t<div class=\"elementor-element elementor-element-5231a0b elementor-widget elementor-widget-heading\" data-id=\"5231a0b\" data-element_type=\"widget\" data-e-type=\"widget\" data-widget_type=\"heading.default\">\n\t\t\t\t<div class=\"elementor-widget-container\">\n\t\t\t\t\t<h2 class=\"elementor-heading-title elementor-size-default\">Nachhaltigkeit<\/h2>\t\t\t\t<\/div>\n\t\t\t\t<\/div>\n\t\t\t\t\t<\/div>\n\t\t\t\t<\/div>\n\t\t<div class=\"elementor-element elementor-element-7923384 e-flex e-con-boxed elementor-invisible e-con e-child\" data-id=\"7923384\" data-element_type=\"container\" data-e-type=\"container\" data-settings=\"{&quot;background_background&quot;:&quot;classic&quot;,&quot;animation&quot;:&quot;fadeInRight&quot;,&quot;animation_delay&quot;:500}\">\n\t\t\t\t\t<div class=\"e-con-inner\">\n\t\t\t\t\t<\/div>\n\t\t\t\t<\/div>\n\t\t\t\t\t<\/div>\n\t\t\t\t<\/div>\n\t\t<div class=\"elementor-element elementor-element-6457da9 e-flex e-con-boxed e-con e-child\" data-id=\"6457da9\" data-element_type=\"container\" data-e-type=\"container\">\n\t\t\t\t\t<div class=\"e-con-inner\">\n\t\t\t\t<div class=\"elementor-element elementor-element-63477af elementor-widget elementor-widget-heading\" data-id=\"63477af\" data-element_type=\"widget\" data-e-type=\"widget\" data-widget_type=\"heading.default\">\n\t\t\t\t<div class=\"elementor-widget-container\">\n\t\t\t\t\t<h2 class=\"elementor-heading-title elementor-size-default\">Bewusster und verantwortungsvoller Tourismus<\/h2>\t\t\t\t<\/div>\n\t\t\t\t<\/div>\n\t\t\t\t<div class=\"elementor-element elementor-element-a1de714 elementor-widget elementor-widget-text-editor\" data-id=\"a1de714\" data-element_type=\"widget\" data-e-type=\"widget\" data-widget_type=\"text-editor.default\">\n\t\t\t\t<div class=\"elementor-widget-container\">\n\t\t\t\t\t\t\t\t\t<p>Im Campofiore Country House haben wir uns die Greenlife-Philosophie zu eigen gemacht und uns dem Respekt f\u00fcr die Umwelt und ihrer Nachhaltigkeit verpflichtet. Jeden Tag bem\u00fchen wir uns um einen bewussten und verantwortungsvollen Tourismus, indem wir unsere G\u00e4ste in einer einfachen, in die Landschaft eingebetteten Struktur willkommen hei\u00dfen.<br \/>Die Umgebung, die uns mit dem \u00fcppigen Gr\u00fcn der venezianischen Landschaft umgibt, ist ein greifbarer Beweis daf\u00fcr, wie man in unserer Einrichtung abschalten und sich wieder mit der Natur verbinden kann, um zu verstehen, dass sie ein unsch\u00e4tzbares Gut ist und dass die Welt, in der wir leben, ein Ort ist, den wir jeden Tag respektieren und pflegen m\u00fcssen.<\/p>\n\t\t\t\t\t\t\t\t<\/div>\n\t\t\t\t<\/div>\n\t\t\t\t\t<\/div>\n\t\t\t\t<\/div>\n\t\t\t\t\t<\/div>\n\t\t\t\t<\/div>\n\t\t\t\t\t<\/div>\n\t\t\t\t<\/div>\n\t\t<div class=\"elementor-element elementor-element-e239690 e-flex e-con-boxed e-con e-parent\" data-id=\"e239690\" data-element_type=\"container\" data-e-type=\"container\" data-settings=\"{&quot;background_background&quot;:&quot;classic&quot;}\">\n\t\t\t\t\t<div class=\"e-con-inner\">\n\t\t<div class=\"elementor-element elementor-element-3bac647 e-flex e-con-boxed e-con e-child\" data-id=\"3bac647\" data-element_type=\"container\" data-e-type=\"container\" data-settings=\"{&quot;background_background&quot;:&quot;classic&quot;}\">\n\t\t\t\t\t<div class=\"e-con-inner\">\n\t\t<div class=\"elementor-element elementor-element-db5dd61 e-con-full e-flex e-con e-child\" data-id=\"db5dd61\" data-element_type=\"container\" data-e-type=\"container\">\n\t\t\t\t<div class=\"elementor-element elementor-element-98c2e8f elementor-widget elementor-widget-heading\" data-id=\"98c2e8f\" data-element_type=\"widget\" data-e-type=\"widget\" data-widget_type=\"heading.default\">\n\t\t\t\t<div class=\"elementor-widget-container\">\n\t\t\t\t\t<h2 class=\"elementor-heading-title elementor-size-default\">Nachhaltige Zukunft<\/h2>\t\t\t\t<\/div>\n\t\t\t\t<\/div>\n\t\t\t\t<div class=\"elementor-element elementor-element-b70529e elementor-widget elementor-widget-text-editor\" data-id=\"b70529e\" data-element_type=\"widget\" data-e-type=\"widget\" data-widget_type=\"text-editor.default\">\n\t\t\t\t<div class=\"elementor-widget-container\">\n\t\t\t\t\t\t\t\t\t<p>Der Respekt vor der Umwelt hilft uns, eine nachhaltigere Zukunft f\u00fcr uns alle und f\u00fcr k\u00fcnftige Generationen zu schaffen. Die Gesundheit unseres Planeten wirkt sich unmittelbar auf die Lebensqualit\u00e4t aller Lebewesen aus: Deshalb ist es f\u00fcr uns eine Aufgabe, \u00d6kosysteme und die biologische Vielfalt zu erhalten, indem wir Fahrradfahrer aufnehmen, Elektroauto- und Fahrradstationen einrichten und umweltfreundliche Praktiken wie Abfallvermeidung, Recycling, Nutzung erneuerbarer Energien und Reduzierung der CO2-Emissionen anwenden.<\/p>\n<p>Das Umweltbewusstsein erm\u00f6glicht es uns, einen verantwortungsvollen Umgang mit den nat\u00fcrlichen Ressourcen zu f\u00f6rdern, die Umweltverschmutzung zu reduzieren und damit einen Beitrag zur Bek\u00e4mpfung des Klimawandels zu leisten. Ein Leben im Einklang mit der Natur sch\u00fctzt nicht nur die Umwelt, sondern verbessert auch das pers\u00f6nliche und kollektive Wohlbefinden und schafft eine ges\u00fcndere und lebenswertere Welt f\u00fcr alle.<\/p>\n\t\t\t\t\t\t\t\t<\/div>\n\t\t\t\t<\/div>\n\t\t\t\t<\/div>\n\t\t<div class=\"elementor-element elementor-element-283e1a0 e-flex e-con-boxed e-con e-child\" data-id=\"283e1a0\" data-element_type=\"container\" data-e-type=\"container\">\n\t\t\t\t\t<div class=\"e-con-inner\">\n\t\t\t\t<div class=\"elementor-element elementor-element-3679195 elementor-widget elementor-widget-image\" data-id=\"3679195\" data-element_type=\"widget\" data-e-type=\"widget\" data-widget_type=\"image.default\">\n\t\t\t\t<div class=\"elementor-widget-container\">\n\t\t\t\t\t\t\t\t\t\t\t\t\t\t\t<img decoding=\"async\" src=\"https:\/\/campofiore.eu\/wp-content\/uploads\/elementor\/thumbs\/electric-car-6641133_1280-qlqkd9lkzbfpvjbmcqsj3ol25mub9181qrvnoqvudw.jpg\" title=\"electric-car-6641133_1280\" alt=\"electric-car-6641133_1280\" loading=\"lazy\" \/>\t\t\t\t\t\t\t\t\t\t\t\t\t\t\t<\/div>\n\t\t\t\t<\/div>\n\t\t\t\t\t<\/div>\n\t\t\t\t<\/div>\n\t\t\t\t\t<\/div>\n\t\t\t\t<\/div>\n\t\t\t\t\t<\/div>\n\t\t\t\t<\/div>\n\t\t\t\t<\/div>\n\t\t","protected":false},"excerpt":{"rendered":"<p>Green life Philosoph Natur Gr\u00fcnanlage Nachhaltigkeit Bewusster und verantwortungsvoller Tourismus Im Campofiore Country House haben wir uns die Greenlife-Philosophie zu eigen gemacht und uns dem Respekt f\u00fcr die Umwelt und ihrer Nachhaltigkeit verpflichtet. Jeden Tag bem\u00fchen wir uns um einen bewussten und verantwortungsvollen Tourismus, indem wir unsere G\u00e4ste in einer einfachen, in die Landschaft eingebetteten [&hellip;]<\/p>\n","protected":false},"author":1,"featured_media":0,"parent":0,"menu_order":0,"comment_status":"closed","ping_status":"closed","template":"","meta":{"_acf_changed":false,"footnotes":""},"class_list":["post-2259","page","type-page","status-publish","hentry"],"acf":[],"yoast_head":"<!-- This site is optimized with the Yoast SEO plugin v27.3 - https:\/\/yoast.com\/product\/yoast-seo-wordpress\/ -->\n<title>Campofiore: scopri il turismo sostenibile Veneto<\/title>\n<meta name=\"description\" content=\"Al Campofiore abbiamo a cuore il rispetto per l\u2019ambiente e la natura: scopri i soggiorni green e il turismo sostenibile veneto\" \/>\n<meta name=\"robots\" content=\"index, follow, max-snippet:-1, max-image-preview:large, max-video-preview:-1\" \/>\n<link rel=\"canonical\" href=\"https:\/\/campofiore.eu\/de\/greenlife\/\" \/>\n<meta property=\"og:locale\" content=\"de_DE\" \/>\n<meta property=\"og:type\" content=\"article\" \/>\n<meta property=\"og:title\" content=\"Campofiore: scopri il turismo sostenibile Veneto\" \/>\n<meta property=\"og:description\" content=\"Al Campofiore abbiamo a cuore il rispetto per l\u2019ambiente e la natura: scopri i soggiorni green e il turismo sostenibile veneto\" \/>\n<meta property=\"og:url\" content=\"https:\/\/campofiore.eu\/de\/greenlife\/\" \/>\n<meta property=\"og:site_name\" content=\"Campofiore\" \/>\n<meta property=\"article:modified_time\" content=\"2025-07-11T10:45:39+00:00\" \/>\n<meta property=\"og:image\" content=\"https:\/\/campofiore.eu\/wp-content\/uploads\/elementor\/thumbs\/electric-car-6641133_1280-qlqkd9lkzbfpvjbmcqsj3ol25mub9181qrvnoqvudw.jpg\" \/>\n<meta name=\"twitter:card\" content=\"summary_large_image\" \/>\n<meta name=\"twitter:label1\" content=\"Gesch\u00e4tzte Lesezeit\" \/>\n\t<meta name=\"twitter:data1\" content=\"1\u00a0Minute\" \/>\n<script type=\"application\/ld+json\" class=\"yoast-schema-graph\">{\"@context\":\"https:\\\/\\\/schema.org\",\"@graph\":[{\"@type\":\"WebPage\",\"@id\":\"https:\\\/\\\/campofiore.eu\\\/de\\\/greenlife\\\/\",\"url\":\"https:\\\/\\\/campofiore.eu\\\/de\\\/greenlife\\\/\",\"name\":\"Campofiore: scopri il turismo sostenibile Veneto\",\"isPartOf\":{\"@id\":\"https:\\\/\\\/campofiore.eu\\\/de\\\/#website\"},\"primaryImageOfPage\":{\"@id\":\"https:\\\/\\\/campofiore.eu\\\/de\\\/greenlife\\\/#primaryimage\"},\"image\":{\"@id\":\"https:\\\/\\\/campofiore.eu\\\/de\\\/greenlife\\\/#primaryimage\"},\"thumbnailUrl\":\"https:\\\/\\\/campofiore.eu\\\/wp-content\\\/uploads\\\/elementor\\\/thumbs\\\/electric-car-6641133_1280-qlqkd9lkzbfpvjbmcqsj3ol25mub9181qrvnoqvudw.jpg\",\"datePublished\":\"2024-03-26T09:32:57+00:00\",\"dateModified\":\"2025-07-11T10:45:39+00:00\",\"description\":\"Al Campofiore abbiamo a cuore il rispetto per l\u2019ambiente e la natura: scopri i soggiorni green e il turismo sostenibile veneto\",\"breadcrumb\":{\"@id\":\"https:\\\/\\\/campofiore.eu\\\/de\\\/greenlife\\\/#breadcrumb\"},\"inLanguage\":\"de\",\"potentialAction\":[{\"@type\":\"ReadAction\",\"target\":[\"https:\\\/\\\/campofiore.eu\\\/de\\\/greenlife\\\/\"]}]},{\"@type\":\"ImageObject\",\"inLanguage\":\"de\",\"@id\":\"https:\\\/\\\/campofiore.eu\\\/de\\\/greenlife\\\/#primaryimage\",\"url\":\"https:\\\/\\\/campofiore.eu\\\/wp-content\\\/uploads\\\/elementor\\\/thumbs\\\/electric-car-6641133_1280-qlqkd9lkzbfpvjbmcqsj3ol25mub9181qrvnoqvudw.jpg\",\"contentUrl\":\"https:\\\/\\\/campofiore.eu\\\/wp-content\\\/uploads\\\/elementor\\\/thumbs\\\/electric-car-6641133_1280-qlqkd9lkzbfpvjbmcqsj3ol25mub9181qrvnoqvudw.jpg\"},{\"@type\":\"BreadcrumbList\",\"@id\":\"https:\\\/\\\/campofiore.eu\\\/de\\\/greenlife\\\/#breadcrumb\",\"itemListElement\":[{\"@type\":\"ListItem\",\"position\":1,\"name\":\"Home\",\"item\":\"https:\\\/\\\/campofiore.eu\\\/de\\\/\"},{\"@type\":\"ListItem\",\"position\":2,\"name\":\"Greenlife\"}]},{\"@type\":\"WebSite\",\"@id\":\"https:\\\/\\\/campofiore.eu\\\/de\\\/#website\",\"url\":\"https:\\\/\\\/campofiore.eu\\\/de\\\/\",\"name\":\"Campofiore\",\"description\":\"\",\"publisher\":{\"@id\":\"https:\\\/\\\/campofiore.eu\\\/de\\\/#organization\"},\"potentialAction\":[{\"@type\":\"SearchAction\",\"target\":{\"@type\":\"EntryPoint\",\"urlTemplate\":\"https:\\\/\\\/campofiore.eu\\\/de\\\/?s={search_term_string}\"},\"query-input\":{\"@type\":\"PropertyValueSpecification\",\"valueRequired\":true,\"valueName\":\"search_term_string\"}}],\"inLanguage\":\"de\"},{\"@type\":\"Organization\",\"@id\":\"https:\\\/\\\/campofiore.eu\\\/de\\\/#organization\",\"name\":\"Campofiore\",\"url\":\"https:\\\/\\\/campofiore.eu\\\/de\\\/\",\"logo\":{\"@type\":\"ImageObject\",\"inLanguage\":\"de\",\"@id\":\"https:\\\/\\\/campofiore.eu\\\/de\\\/#\\\/schema\\\/logo\\\/image\\\/\",\"url\":\"https:\\\/\\\/campofiore.eu\\\/wp-content\\\/uploads\\\/2023\\\/09\\\/logo.png\",\"contentUrl\":\"https:\\\/\\\/campofiore.eu\\\/wp-content\\\/uploads\\\/2023\\\/09\\\/logo.png\",\"width\":2100,\"height\":615,\"caption\":\"Campofiore\"},\"image\":{\"@id\":\"https:\\\/\\\/campofiore.eu\\\/de\\\/#\\\/schema\\\/logo\\\/image\\\/\"}}]}<\/script>\n<!-- \/ Yoast SEO plugin. -->","yoast_head_json":{"title":"Campofiore: scopri il turismo sostenibile Veneto","description":"Al Campofiore abbiamo a cuore il rispetto per l\u2019ambiente e la natura: scopri i soggiorni green e il turismo sostenibile veneto","robots":{"index":"index","follow":"follow","max-snippet":"max-snippet:-1","max-image-preview":"max-image-preview:large","max-video-preview":"max-video-preview:-1"},"canonical":"https:\/\/campofiore.eu\/de\/greenlife\/","og_locale":"de_DE","og_type":"article","og_title":"Campofiore: scopri il turismo sostenibile Veneto","og_description":"Al Campofiore abbiamo a cuore il rispetto per l\u2019ambiente e la natura: scopri i soggiorni green e il turismo sostenibile veneto","og_url":"https:\/\/campofiore.eu\/de\/greenlife\/","og_site_name":"Campofiore","article_modified_time":"2025-07-11T10:45:39+00:00","og_image":[{"url":"https:\/\/campofiore.eu\/wp-content\/uploads\/elementor\/thumbs\/electric-car-6641133_1280-qlqkd9lkzbfpvjbmcqsj3ol25mub9181qrvnoqvudw.jpg","type":"","width":"","height":""}],"twitter_card":"summary_large_image","twitter_misc":{"Gesch\u00e4tzte Lesezeit":"1\u00a0Minute"},"schema":{"@context":"https:\/\/schema.org","@graph":[{"@type":"WebPage","@id":"https:\/\/campofiore.eu\/de\/greenlife\/","url":"https:\/\/campofiore.eu\/de\/greenlife\/","name":"Campofiore: scopri il turismo sostenibile Veneto","isPartOf":{"@id":"https:\/\/campofiore.eu\/de\/#website"},"primaryImageOfPage":{"@id":"https:\/\/campofiore.eu\/de\/greenlife\/#primaryimage"},"image":{"@id":"https:\/\/campofiore.eu\/de\/greenlife\/#primaryimage"},"thumbnailUrl":"https:\/\/campofiore.eu\/wp-content\/uploads\/elementor\/thumbs\/electric-car-6641133_1280-qlqkd9lkzbfpvjbmcqsj3ol25mub9181qrvnoqvudw.jpg","datePublished":"2024-03-26T09:32:57+00:00","dateModified":"2025-07-11T10:45:39+00:00","description":"Al Campofiore abbiamo a cuore il rispetto per l\u2019ambiente e la natura: scopri i soggiorni green e il turismo sostenibile veneto","breadcrumb":{"@id":"https:\/\/campofiore.eu\/de\/greenlife\/#breadcrumb"},"inLanguage":"de","potentialAction":[{"@type":"ReadAction","target":["https:\/\/campofiore.eu\/de\/greenlife\/"]}]},{"@type":"ImageObject","inLanguage":"de","@id":"https:\/\/campofiore.eu\/de\/greenlife\/#primaryimage","url":"https:\/\/campofiore.eu\/wp-content\/uploads\/elementor\/thumbs\/electric-car-6641133_1280-qlqkd9lkzbfpvjbmcqsj3ol25mub9181qrvnoqvudw.jpg","contentUrl":"https:\/\/campofiore.eu\/wp-content\/uploads\/elementor\/thumbs\/electric-car-6641133_1280-qlqkd9lkzbfpvjbmcqsj3ol25mub9181qrvnoqvudw.jpg"},{"@type":"BreadcrumbList","@id":"https:\/\/campofiore.eu\/de\/greenlife\/#breadcrumb","itemListElement":[{"@type":"ListItem","position":1,"name":"Home","item":"https:\/\/campofiore.eu\/de\/"},{"@type":"ListItem","position":2,"name":"Greenlife"}]},{"@type":"WebSite","@id":"https:\/\/campofiore.eu\/de\/#website","url":"https:\/\/campofiore.eu\/de\/","name":"Campofiore","description":"","publisher":{"@id":"https:\/\/campofiore.eu\/de\/#organization"},"potentialAction":[{"@type":"SearchAction","target":{"@type":"EntryPoint","urlTemplate":"https:\/\/campofiore.eu\/de\/?s={search_term_string}"},"query-input":{"@type":"PropertyValueSpecification","valueRequired":true,"valueName":"search_term_string"}}],"inLanguage":"de"},{"@type":"Organization","@id":"https:\/\/campofiore.eu\/de\/#organization","name":"Campofiore","url":"https:\/\/campofiore.eu\/de\/","logo":{"@type":"ImageObject","inLanguage":"de","@id":"https:\/\/campofiore.eu\/de\/#\/schema\/logo\/image\/","url":"https:\/\/campofiore.eu\/wp-content\/uploads\/2023\/09\/logo.png","contentUrl":"https:\/\/campofiore.eu\/wp-content\/uploads\/2023\/09\/logo.png","width":2100,"height":615,"caption":"Campofiore"},"image":{"@id":"https:\/\/campofiore.eu\/de\/#\/schema\/logo\/image\/"}}]}},"_links":{"self":[{"href":"https:\/\/campofiore.eu\/de\/wp-json\/wp\/v2\/pages\/2259","targetHints":{"allow":["GET"]}}],"collection":[{"href":"https:\/\/campofiore.eu\/de\/wp-json\/wp\/v2\/pages"}],"about":[{"href":"https:\/\/campofiore.eu\/de\/wp-json\/wp\/v2\/types\/page"}],"author":[{"embeddable":true,"href":"https:\/\/campofiore.eu\/de\/wp-json\/wp\/v2\/users\/1"}],"replies":[{"embeddable":true,"href":"https:\/\/campofiore.eu\/de\/wp-json\/wp\/v2\/comments?post=2259"}],"version-history":[{"count":3,"href":"https:\/\/campofiore.eu\/de\/wp-json\/wp\/v2\/pages\/2259\/revisions"}],"predecessor-version":[{"id":2360,"href":"https:\/\/campofiore.eu\/de\/wp-json\/wp\/v2\/pages\/2259\/revisions\/2360"}],"wp:attachment":[{"href":"https:\/\/campofiore.eu\/de\/wp-json\/wp\/v2\/media?parent=2259"}],"curies":[{"name":"wp","href":"https:\/\/api.w.org\/{rel}","templated":true}]}}