{"id":2261,"date":"2024-05-31T15:53:21","date_gmt":"2024-05-31T13:53:21","guid":{"rendered":"https:\/\/campofiore.eu\/umgebung\/"},"modified":"2025-07-11T14:10:04","modified_gmt":"2025-07-11T12:10:04","slug":"umgebung","status":"publish","type":"page","link":"https:\/\/campofiore.eu\/de\/gebiet\/umgebung\/","title":{"rendered":"Umgebung"},"content":{"rendered":"\t\t<div data-elementor-type=\"wp-page\" data-elementor-id=\"2261\" class=\"elementor elementor-2261 elementor-1361\" data-elementor-post-type=\"page\">\n\t\t\t\t<div class=\"elementor-element elementor-element-cf968c3 e-flex e-con-boxed e-con e-parent\" data-id=\"cf968c3\" data-element_type=\"container\" data-e-type=\"container\" data-settings=\"{&quot;background_background&quot;:&quot;classic&quot;}\">\n\t\t\t\t\t<div class=\"e-con-inner\">\n\t\t<div class=\"elementor-element elementor-element-231a75e e-flex e-con-boxed e-con e-child\" data-id=\"231a75e\" data-element_type=\"container\" data-e-type=\"container\">\n\t\t\t\t\t<div class=\"e-con-inner\">\n\t\t\t\t<div class=\"elementor-element elementor-element-57c8cd7 elementor-widget elementor-widget-heading\" data-id=\"57c8cd7\" data-element_type=\"widget\" data-e-type=\"widget\" data-widget_type=\"heading.default\">\n\t\t\t\t<div class=\"elementor-widget-container\">\n\t\t\t\t\t<h2 class=\"elementor-heading-title elementor-size-default\">Umgebung<\/h2>\t\t\t\t<\/div>\n\t\t\t\t<\/div>\n\t\t\t\t<div class=\"elementor-element elementor-element-bb24359 elementor-align-center elementor-widget elementor-widget-breadcrumbs\" data-id=\"bb24359\" data-element_type=\"widget\" data-e-type=\"widget\" data-widget_type=\"breadcrumbs.default\">\n\t\t\t\t<div class=\"elementor-widget-container\">\n\t\t\t\t\t<p id=\"breadcrumbs\"><span><span><a href=\"https:\/\/campofiore.eu\/de\/\">Home<\/a><\/span><\/span><\/p>\t\t\t\t<\/div>\n\t\t\t\t<\/div>\n\t\t\t\t\t<\/div>\n\t\t\t\t<\/div>\n\t\t\t\t\t<\/div>\n\t\t\t\t<\/div>\n\t\t<div class=\"elementor-element elementor-element-8656386 e-flex e-con-boxed e-con e-parent\" data-id=\"8656386\" data-element_type=\"container\" data-e-type=\"container\" data-settings=\"{&quot;background_background&quot;:&quot;classic&quot;}\">\n\t\t\t\t\t<div class=\"e-con-inner\">\n\t\t<div class=\"elementor-element elementor-element-b02b2d5 e-flex e-con-boxed e-con e-child\" data-id=\"b02b2d5\" data-element_type=\"container\" data-e-type=\"container\">\n\t\t\t\t\t<div class=\"e-con-inner\">\n\t\t\t\t<div class=\"elementor-element elementor-element-d982be5 elementor-widget__width-initial elementor-widget elementor-widget-text-editor\" data-id=\"d982be5\" data-element_type=\"widget\" data-e-type=\"widget\" data-widget_type=\"text-editor.default\">\n\t\t\t\t<div class=\"elementor-widget-container\">\n\t\t\t\t\t\t\t\t\t<p>Das <strong>Campofiore Country House<\/strong> ist umgeben von einer wundersch\u00f6nen gr\u00fcnen Landschaft, in der die Natur und die Harmonie des Landlebens <strong>Ruhe, Frieden und Gelassenheit<\/strong> ausstrahlen.<\/p>\n<p>Unsere Unterkunft befindet sich in <strong>Terranova<\/strong>, in der Provinz <strong>Padua<\/strong>, und nur wenige Kilometer entfernt liegen zahlreiche <strong>Sehensw\u00fcrdigkeiten voller Geschichte und Tradition<\/strong>.<\/p>\n\t\t\t\t\t\t\t\t<\/div>\n\t\t\t\t<\/div>\n\t\t\t\t\t<\/div>\n\t\t\t\t<\/div>\n\t\t\t\t\t<\/div>\n\t\t\t\t<\/div>\n\t\t<div class=\"elementor-element elementor-element-b90c456 e-flex e-con-boxed e-con e-parent\" data-id=\"b90c456\" data-element_type=\"container\" data-e-type=\"container\" data-settings=\"{&quot;background_background&quot;:&quot;classic&quot;}\">\n\t\t\t\t\t<div class=\"e-con-inner\">\n\t\t<div class=\"elementor-element elementor-element-510716a e-flex e-con-boxed e-con e-child\" data-id=\"510716a\" data-element_type=\"container\" data-e-type=\"container\" data-settings=\"{&quot;background_background&quot;:&quot;classic&quot;}\">\n\t\t\t\t\t<div class=\"e-con-inner\">\n\t\t<div class=\"elementor-element elementor-element-62016ae e-con-full e-flex e-con e-child\" data-id=\"62016ae\" data-element_type=\"container\" data-e-type=\"container\">\n\t\t\t\t<div class=\"elementor-element elementor-element-3d8d1d5 elementor-widget elementor-widget-image\" data-id=\"3d8d1d5\" data-element_type=\"widget\" data-e-type=\"widget\" data-widget_type=\"image.default\">\n\t\t\t\t<div class=\"elementor-widget-container\">\n\t\t\t\t\t\t\t\t\t\t\t\t\t\t\t<img decoding=\"async\" src=\"https:\/\/campofiore.eu\/wp-content\/uploads\/elementor\/thumbs\/map-4152197_1280-qoz38fvk9an0adizpwpr39nuwk5mzc6euig44dg66w.jpg\" title=\"map-4152197_1280\" alt=\"map-4152197_1280\" loading=\"lazy\" \/>\t\t\t\t\t\t\t\t\t\t\t\t\t\t\t<\/div>\n\t\t\t\t<\/div>\n\t\t\t\t<\/div>\n\t\t<div class=\"elementor-element elementor-element-ccf92ef e-flex e-con-boxed e-con e-child\" data-id=\"ccf92ef\" data-element_type=\"container\" data-e-type=\"container\">\n\t\t\t\t\t<div class=\"e-con-inner\">\n\t\t\t\t<div class=\"elementor-element elementor-element-fdefa24 elementor-widget elementor-widget-heading\" data-id=\"fdefa24\" data-element_type=\"widget\" data-e-type=\"widget\" data-widget_type=\"heading.default\">\n\t\t\t\t<div class=\"elementor-widget-container\">\n\t\t\t\t\t<h2 class=\"elementor-heading-title elementor-size-default\">Pontelongo, Villa Foscarini Erizzo und die Zuckerfabrik<\/h2>\t\t\t\t<\/div>\n\t\t\t\t<\/div>\n\t\t\t\t<div class=\"elementor-element elementor-element-2c28a03 elementor-widget elementor-widget-text-editor\" data-id=\"2c28a03\" data-element_type=\"widget\" data-e-type=\"widget\" data-widget_type=\"text-editor.default\">\n\t\t\t\t<div class=\"elementor-widget-container\">\n\t\t\t\t\t\t\t\t\t<p>Das St\u00e4dtchen <strong>Pontelongo<\/strong> liegt zu beiden Seiten des Flusses <strong>Bacchiglione<\/strong> und verdankt seinen Namen der Br\u00fccke, die die beiden Ufer miteinander verbindet. Die Ortschaft erstreckt sich \u00fcber die flache Landschaft zwischen der <strong>Saccisica<\/strong> und dem <strong>Polesine<\/strong> und blickt auf eine bedeutende historische Tradition zur\u00fcck.<\/p>\n<p>Zu den historischen Geb\u00e4uden z\u00e4hlt die <strong>Villa Foscarini Erizzo<\/strong>, die zur Zeit der <strong>Republik Venedig<\/strong> als Landsitz und Getreidespeicher der Adelsfamilie <strong>Foscarini<\/strong> erbaut wurde. Die Villa zeigt klassische und barocke Elemente, mit einem zentralen Hauptgeb\u00e4ude und zwei seitlichen Wirtschaftsfl\u00fcgeln (<em>Barchesse<\/em>). Die Architektur und die Fresken des Anwesens zeugen noch heute von der reichen k\u00fcnstlerischen Vergangenheit Venetiens.<\/p>\n<p>Nur wenige Schritte vom Stadtzentrum entfernt, direkt am Bacchiglione, befindet sich die <strong>historische Zuckerfabrik<\/strong>, die seit <strong>1910 Zucker aus Zuckerr\u00fcben<\/strong> produziert \u2013 angebaut in den umliegenden Feldern. Bis heute ist die Fabrik, von den Einheimischen liebevoll <strong>\u201eEl Beljo\u201c<\/strong> genannt (da sie von Belgiern gegr\u00fcndet wurde), das <strong>einzige noch aktive Zuckerwerk in Venetien<\/strong>. Mit ihrem historischen Charme bleibt sie ein bedeutendes Symbol des kulturellen und industriellen Erbes der Region.<\/p>\n\t\t\t\t\t\t\t\t<\/div>\n\t\t\t\t<\/div>\n\t\t\t\t\t<\/div>\n\t\t\t\t<\/div>\n\t\t\t\t\t<\/div>\n\t\t\t\t<\/div>\n\t\t\t\t\t<\/div>\n\t\t\t\t<\/div>\n\t\t<div class=\"elementor-element elementor-element-99e03d6 e-flex e-con-boxed e-con e-parent\" data-id=\"99e03d6\" data-element_type=\"container\" data-e-type=\"container\" data-settings=\"{&quot;background_background&quot;:&quot;classic&quot;}\">\n\t\t\t\t\t<div class=\"e-con-inner\">\n\t\t<div class=\"elementor-element elementor-element-30c160a e-flex e-con-boxed e-con e-child\" data-id=\"30c160a\" data-element_type=\"container\" data-e-type=\"container\" data-settings=\"{&quot;background_background&quot;:&quot;classic&quot;}\">\n\t\t\t\t\t<div class=\"e-con-inner\">\n\t\t<div class=\"elementor-element elementor-element-44aa95d e-con-full e-flex e-con e-child\" data-id=\"44aa95d\" data-element_type=\"container\" data-e-type=\"container\">\n\t\t\t\t<div class=\"elementor-element elementor-element-e5f83b2 elementor-widget elementor-widget-heading\" data-id=\"e5f83b2\" data-element_type=\"widget\" data-e-type=\"widget\" data-widget_type=\"heading.default\">\n\t\t\t\t<div class=\"elementor-widget-container\">\n\t\t\t\t\t<h2 class=\"elementor-heading-title elementor-size-default\">Bacchiglione und Saccisica<\/h2>\t\t\t\t<\/div>\n\t\t\t\t<\/div>\n\t\t\t\t<div class=\"elementor-element elementor-element-5f7a0bf elementor-widget elementor-widget-text-editor\" data-id=\"5f7a0bf\" data-element_type=\"widget\" data-e-type=\"widget\" data-widget_type=\"text-editor.default\">\n\t\t\t\t<div class=\"elementor-widget-container\">\n\t\t\t\t\t\t\t\t\t<p>Die Landschaft rund um <strong>Pontelongo<\/strong> wird von der weiten Ebene und dem <strong>Bacchiglione-Fluss<\/strong> gepr\u00e4gt, der in den <strong>Voralpen von Vicenza<\/strong> entspringt und in die <strong>Venezianische Lagune<\/strong> m\u00fcndet. Der Fluss durchquert diese Region und macht die <strong>venetische Poebene<\/strong> besonders fruchtbar. Er erm\u00f6glicht die Bew\u00e4sserung der Felder, f\u00f6rdert den Anbau und schafft nat\u00fcrliche Wege, die sich ideal f\u00fcr <strong>Fahrrad- oder Wandertouren<\/strong> eignen.<\/p>\n<p>Entlang der Ufer des Bacchiglione liegt die Region <strong>Saccisica<\/strong>, die ihren Namen den fruchtbaren Erdbecken (\u201esacche\u201c) verdankt, die durch die vielen Wasserl\u00e4ufe entstehen. Die Beschaffenheit des Bodens und die st\u00e4ndige Wasserversorgung schaffen ideale Bedingungen f\u00fcr die Landwirtschaft und formen eine <strong>einzigartige, charakteristische Landschaft<\/strong> \u2013 ein typisches \u00dcbergangsgebiet zwischen Festland und Lagune. Dieses Gebiet geh\u00f6rt zum <strong>UNESCO-Welterbe \u201eVenedig und seine Lagune\u201c<\/strong>.<\/p>\n\t\t\t\t\t\t\t\t<\/div>\n\t\t\t\t<\/div>\n\t\t\t\t<\/div>\n\t\t<div class=\"elementor-element elementor-element-0345649 e-flex e-con-boxed e-con e-child\" data-id=\"0345649\" data-element_type=\"container\" data-e-type=\"container\">\n\t\t\t\t\t<div class=\"e-con-inner\">\n\t\t\t\t<div class=\"elementor-element elementor-element-083efa4 elementor-widget elementor-widget-image\" data-id=\"083efa4\" data-element_type=\"widget\" data-e-type=\"widget\" data-widget_type=\"image.default\">\n\t\t\t\t<div class=\"elementor-widget-container\">\n\t\t\t\t\t\t\t\t\t\t\t\t\t\t\t<img decoding=\"async\" src=\"https:\/\/campofiore.eu\/wp-content\/uploads\/elementor\/thumbs\/saccisica-990x1024-1-qoz3y6offxvq9w4re1bwdrscmh9jswdr1xovb79zrs.jpg\" title=\"saccisica-990&#215;1024\" alt=\"saccisica-990x1024\" loading=\"lazy\" \/>\t\t\t\t\t\t\t\t\t\t\t\t\t\t\t<\/div>\n\t\t\t\t<\/div>\n\t\t\t\t\t<\/div>\n\t\t\t\t<\/div>\n\t\t\t\t\t<\/div>\n\t\t\t\t<\/div>\n\t\t\t\t\t<\/div>\n\t\t\t\t<\/div>\n\t\t<div class=\"elementor-element elementor-element-48eb6db e-flex e-con-boxed e-con e-parent\" data-id=\"48eb6db\" data-element_type=\"container\" data-e-type=\"container\" data-settings=\"{&quot;background_background&quot;:&quot;classic&quot;}\">\n\t\t\t\t\t<div class=\"e-con-inner\">\n\t\t<div class=\"elementor-element elementor-element-c369018 e-flex e-con-boxed e-con e-child\" data-id=\"c369018\" data-element_type=\"container\" data-e-type=\"container\" data-settings=\"{&quot;background_background&quot;:&quot;classic&quot;}\">\n\t\t\t\t\t<div class=\"e-con-inner\">\n\t\t<div class=\"elementor-element elementor-element-090de10 e-grid e-con-boxed e-con e-child\" data-id=\"090de10\" data-element_type=\"container\" data-e-type=\"container\">\n\t\t\t\t\t<div class=\"e-con-inner\">\n\t\t<div class=\"elementor-element elementor-element-10bb31b e-flex e-con-boxed e-con e-child\" data-id=\"10bb31b\" data-element_type=\"container\" data-e-type=\"container\">\n\t\t\t\t\t<div class=\"e-con-inner\">\n\t\t\t\t<div class=\"elementor-element elementor-element-afb09d6 elementor-invisible elementor-widget elementor-widget-heading\" data-id=\"afb09d6\" data-element_type=\"widget\" data-e-type=\"widget\" data-settings=\"{&quot;_animation&quot;:&quot;fadeIn&quot;,&quot;_animation_delay&quot;:1000}\" data-widget_type=\"heading.default\">\n\t\t\t\t<div class=\"elementor-widget-container\">\n\t\t\t\t\t<h2 class=\"elementor-heading-title elementor-size-default\">Venedig und Chioggia, Padua, die Euganeischen H\u00fcgel und das Thermalbecken<\/h2>\t\t\t\t<\/div>\n\t\t\t\t<\/div>\n\t\t\t\t\t<\/div>\n\t\t\t\t<\/div>\n\t\t<div class=\"elementor-element elementor-element-a729883 e-flex e-con-boxed elementor-invisible e-con e-child\" data-id=\"a729883\" data-element_type=\"container\" data-e-type=\"container\" data-settings=\"{&quot;background_background&quot;:&quot;classic&quot;,&quot;animation&quot;:&quot;fadeInDown&quot;,&quot;animation_delay&quot;:1250}\">\n\t\t\t\t\t<div class=\"e-con-inner\">\n\t\t\t\t<div class=\"elementor-element elementor-element-394596c elementor-widget elementor-widget-text-editor\" data-id=\"394596c\" data-element_type=\"widget\" data-e-type=\"widget\" data-widget_type=\"text-editor.default\">\n\t\t\t\t<div class=\"elementor-widget-container\">\n\t\t\t\t\t\t\t\t\t<p>Die Region <strong>Venetien<\/strong> ist reich an Geschichte, Kultur und eindrucksvollen Landschaften \u2013 ein Gebiet, das entdeckt werden will. Von <strong>Pontelongo<\/strong> aus erreichen Sie in kurzer Zeit das Meer sowie faszinierende St\u00e4dte und Sehensw\u00fcrdigkeiten im Landesinneren.<\/p>\n<p><strong>Venedig<\/strong> ist das Reiseziel schlechthin \u2013 ein Traum vieler, den man mindestens einmal im Leben erleben m\u00f6chte. Mit seinen Gassen, den malerischen Pal\u00e4sten und der Lagune geh\u00f6rt es zu den meistbesuchten <strong>UNESCO-Weltkulturerbest\u00e4tten<\/strong> der Welt. Wer eine kleinere, ruhigere Version Venedigs erleben m\u00f6chte, sollte <strong>Chioggia<\/strong> besuchen \u2013 eine charmante K\u00fcstenstadt, in der man frischen Fisch genie\u00dfen und sich vom Meeresrauschen treiben lassen kann.<\/p>\n<p>&nbsp;<\/p>\n\t\t\t\t\t\t\t\t<\/div>\n\t\t\t\t<\/div>\n\t\t\t\t\t<\/div>\n\t\t\t\t<\/div>\n\t\t<div class=\"elementor-element elementor-element-eba55eb e-flex e-con-boxed elementor-invisible e-con e-child\" data-id=\"eba55eb\" data-element_type=\"container\" data-e-type=\"container\" data-settings=\"{&quot;background_background&quot;:&quot;classic&quot;,&quot;animation&quot;:&quot;fadeInDown&quot;,&quot;animation_delay&quot;:500}\">\n\t\t\t\t\t<div class=\"e-con-inner\">\n\t\t\t\t<div class=\"elementor-element elementor-element-5f5b114 elementor-widget elementor-widget-spacer\" data-id=\"5f5b114\" data-element_type=\"widget\" data-e-type=\"widget\" data-widget_type=\"spacer.default\">\n\t\t\t\t<div class=\"elementor-widget-container\">\n\t\t\t\t\t\t\t<div class=\"elementor-spacer\">\n\t\t\t<div class=\"elementor-spacer-inner\"><\/div>\n\t\t<\/div>\n\t\t\t\t\t\t<\/div>\n\t\t\t\t<\/div>\n\t\t\t\t\t<\/div>\n\t\t\t\t<\/div>\n\t\t<div class=\"elementor-element elementor-element-b690740 e-flex e-con-boxed elementor-invisible e-con e-child\" data-id=\"b690740\" data-element_type=\"container\" data-e-type=\"container\" data-settings=\"{&quot;background_background&quot;:&quot;classic&quot;,&quot;animation&quot;:&quot;fadeInLeft&quot;,&quot;animation_delay&quot;:1500}\">\n\t\t\t\t\t<div class=\"e-con-inner\">\n\t\t\t\t<div class=\"elementor-element elementor-element-f8febfd elementor-widget elementor-widget-text-editor\" data-id=\"f8febfd\" data-element_type=\"widget\" data-e-type=\"widget\" data-widget_type=\"text-editor.default\">\n\t\t\t\t<div class=\"elementor-widget-container\">\n\t\t\t\t\t\t\t\t\t<p>Wer die weite Ebene Venetiens entdecken will, findet in <strong>Padua<\/strong> die Stadt des Heiligen Antonius. Mit der monumentalen <strong>Piazza Prato della Valle<\/strong>, eine der gr\u00f6\u00dften und eindrucksvollsten Pl\u00e4tze Europas, beeindruckt sie ihre Besucher. Etwas au\u00dferhalb der Stadt erheben sich die <strong>Euganeischen H\u00fcgel<\/strong>, deren sanfte H\u00e4nge zu <strong>Weinverkostungen in lokalen Weinkellereien<\/strong> oder zum <strong>Entspannen in den ber\u00fchmten Thermalgebieten<\/strong> einladen.<\/p>\n\t\t\t\t\t\t\t\t<\/div>\n\t\t\t\t<\/div>\n\t\t\t\t\t<\/div>\n\t\t\t\t<\/div>\n\t\t<div class=\"elementor-element elementor-element-d9482ea e-flex e-con-boxed elementor-invisible e-con e-child\" data-id=\"d9482ea\" data-element_type=\"container\" data-e-type=\"container\" data-settings=\"{&quot;background_background&quot;:&quot;classic&quot;,&quot;animation&quot;:&quot;fadeInUp&quot;,&quot;animation_delay&quot;:750}\">\n\t\t\t\t\t<div class=\"e-con-inner\">\n\t\t\t\t\t<\/div>\n\t\t\t\t<\/div>\n\t\t\t\t\t<\/div>\n\t\t\t\t<\/div>\n\t\t\t\t\t<\/div>\n\t\t\t\t<\/div>\n\t\t\t\t\t<\/div>\n\t\t\t\t<\/div>\n\t\t\t\t<\/div>\n\t\t","protected":false},"excerpt":{"rendered":"<p>Das Campofiore Country House ist umgeben von einer wundersch\u00f6nen gr\u00fcnen Landschaft, in der die Natur und die Harmonie des Landlebens Ruhe, Frieden und Gelassenheit ausstrahlen. Unsere Unterkunft befindet sich in Terranova, in der Provinz Padua, und nur wenige Kilometer entfernt liegen zahlreiche Sehensw\u00fcrdigkeiten voller Geschichte und Tradition. Pontelongo, Villa Foscarini Erizzo und die Zuckerfabrik Das [&hellip;]<\/p>\n","protected":false},"author":1,"featured_media":0,"parent":2268,"menu_order":0,"comment_status":"closed","ping_status":"closed","template":"","meta":{"_acf_changed":false,"footnotes":""},"class_list":["post-2261","page","type-page","status-publish","hentry"],"acf":[],"yoast_head":"<!-- This site is optimized with the Yoast SEO plugin v27.3 - https:\/\/yoast.com\/product\/yoast-seo-wordpress\/ -->\n<title>Cosa vedere a Padova e dintorni: alloggia al Campofiore<\/title>\n<meta name=\"description\" content=\"Visitare il Veneto e scoprire le unicit\u00e0 del territorio: la Laguna di Venezia, Padova e Sant\u2019Antonio, la Pianura padana e tanto altro.\" \/>\n<meta name=\"robots\" content=\"index, follow, max-snippet:-1, max-image-preview:large, max-video-preview:-1\" \/>\n<link rel=\"canonical\" href=\"https:\/\/campofiore.eu\/de\/gebiet\/umgebung\/\" \/>\n<meta property=\"og:locale\" content=\"de_DE\" \/>\n<meta property=\"og:type\" content=\"article\" \/>\n<meta property=\"og:title\" content=\"Cosa vedere a Padova e dintorni: alloggia al Campofiore\" \/>\n<meta property=\"og:description\" content=\"Visitare il Veneto e scoprire le unicit\u00e0 del territorio: la Laguna di Venezia, Padova e Sant\u2019Antonio, la Pianura padana e tanto altro.\" \/>\n<meta property=\"og:url\" content=\"https:\/\/campofiore.eu\/de\/gebiet\/umgebung\/\" \/>\n<meta property=\"og:site_name\" content=\"Campofiore\" \/>\n<meta property=\"article:modified_time\" content=\"2025-07-11T12:10:04+00:00\" \/>\n<meta property=\"og:image\" content=\"https:\/\/campofiore.eu\/wp-content\/uploads\/elementor\/thumbs\/map-4152197_1280-qoz38fvk9an0adizpwpr39nuwk5mzc6euig44dg66w.jpg\" \/>\n<meta name=\"twitter:card\" content=\"summary_large_image\" \/>\n<meta name=\"twitter:label1\" content=\"Gesch\u00e4tzte Lesezeit\" \/>\n\t<meta name=\"twitter:data1\" content=\"3\u00a0Minuten\" \/>\n<script type=\"application\/ld+json\" class=\"yoast-schema-graph\">{\"@context\":\"https:\\\/\\\/schema.org\",\"@graph\":[{\"@type\":\"WebPage\",\"@id\":\"https:\\\/\\\/campofiore.eu\\\/de\\\/gebiet\\\/umgebung\\\/\",\"url\":\"https:\\\/\\\/campofiore.eu\\\/de\\\/gebiet\\\/umgebung\\\/\",\"name\":\"Cosa vedere a Padova e dintorni: alloggia al Campofiore\",\"isPartOf\":{\"@id\":\"https:\\\/\\\/campofiore.eu\\\/de\\\/#website\"},\"primaryImageOfPage\":{\"@id\":\"https:\\\/\\\/campofiore.eu\\\/de\\\/gebiet\\\/umgebung\\\/#primaryimage\"},\"image\":{\"@id\":\"https:\\\/\\\/campofiore.eu\\\/de\\\/gebiet\\\/umgebung\\\/#primaryimage\"},\"thumbnailUrl\":\"https:\\\/\\\/campofiore.eu\\\/wp-content\\\/uploads\\\/elementor\\\/thumbs\\\/map-4152197_1280-qoz38fvk9an0adizpwpr39nuwk5mzc6euig44dg66w.jpg\",\"datePublished\":\"2024-05-31T13:53:21+00:00\",\"dateModified\":\"2025-07-11T12:10:04+00:00\",\"description\":\"Visitare il Veneto e scoprire le unicit\u00e0 del territorio: la Laguna di Venezia, Padova e Sant\u2019Antonio, la Pianura padana e tanto altro.\",\"breadcrumb\":{\"@id\":\"https:\\\/\\\/campofiore.eu\\\/de\\\/gebiet\\\/umgebung\\\/#breadcrumb\"},\"inLanguage\":\"de\",\"potentialAction\":[{\"@type\":\"ReadAction\",\"target\":[\"https:\\\/\\\/campofiore.eu\\\/de\\\/gebiet\\\/umgebung\\\/\"]}]},{\"@type\":\"ImageObject\",\"inLanguage\":\"de\",\"@id\":\"https:\\\/\\\/campofiore.eu\\\/de\\\/gebiet\\\/umgebung\\\/#primaryimage\",\"url\":\"https:\\\/\\\/campofiore.eu\\\/wp-content\\\/uploads\\\/elementor\\\/thumbs\\\/map-4152197_1280-qoz38fvk9an0adizpwpr39nuwk5mzc6euig44dg66w.jpg\",\"contentUrl\":\"https:\\\/\\\/campofiore.eu\\\/wp-content\\\/uploads\\\/elementor\\\/thumbs\\\/map-4152197_1280-qoz38fvk9an0adizpwpr39nuwk5mzc6euig44dg66w.jpg\"},{\"@type\":\"BreadcrumbList\",\"@id\":\"https:\\\/\\\/campofiore.eu\\\/de\\\/gebiet\\\/umgebung\\\/#breadcrumb\",\"itemListElement\":[{\"@type\":\"ListItem\",\"position\":1,\"name\":\"Home\",\"item\":\"https:\\\/\\\/campofiore.eu\\\/de\\\/\"},{\"@type\":\"ListItem\",\"position\":2,\"name\":\"Gebiet\",\"item\":\"https:\\\/\\\/campofiore.eu\\\/de\\\/territorio\\\/\"},{\"@type\":\"ListItem\",\"position\":3,\"name\":\"Umgebung\"}]},{\"@type\":\"WebSite\",\"@id\":\"https:\\\/\\\/campofiore.eu\\\/de\\\/#website\",\"url\":\"https:\\\/\\\/campofiore.eu\\\/de\\\/\",\"name\":\"Campofiore\",\"description\":\"\",\"publisher\":{\"@id\":\"https:\\\/\\\/campofiore.eu\\\/de\\\/#organization\"},\"potentialAction\":[{\"@type\":\"SearchAction\",\"target\":{\"@type\":\"EntryPoint\",\"urlTemplate\":\"https:\\\/\\\/campofiore.eu\\\/de\\\/?s={search_term_string}\"},\"query-input\":{\"@type\":\"PropertyValueSpecification\",\"valueRequired\":true,\"valueName\":\"search_term_string\"}}],\"inLanguage\":\"de\"},{\"@type\":\"Organization\",\"@id\":\"https:\\\/\\\/campofiore.eu\\\/de\\\/#organization\",\"name\":\"Campofiore\",\"url\":\"https:\\\/\\\/campofiore.eu\\\/de\\\/\",\"logo\":{\"@type\":\"ImageObject\",\"inLanguage\":\"de\",\"@id\":\"https:\\\/\\\/campofiore.eu\\\/de\\\/#\\\/schema\\\/logo\\\/image\\\/\",\"url\":\"https:\\\/\\\/campofiore.eu\\\/wp-content\\\/uploads\\\/2023\\\/09\\\/logo.png\",\"contentUrl\":\"https:\\\/\\\/campofiore.eu\\\/wp-content\\\/uploads\\\/2023\\\/09\\\/logo.png\",\"width\":2100,\"height\":615,\"caption\":\"Campofiore\"},\"image\":{\"@id\":\"https:\\\/\\\/campofiore.eu\\\/de\\\/#\\\/schema\\\/logo\\\/image\\\/\"}}]}<\/script>\n<!-- \/ Yoast SEO plugin. -->","yoast_head_json":{"title":"Cosa vedere a Padova e dintorni: alloggia al Campofiore","description":"Visitare il Veneto e scoprire le unicit\u00e0 del territorio: la Laguna di Venezia, Padova e Sant\u2019Antonio, la Pianura padana e tanto altro.","robots":{"index":"index","follow":"follow","max-snippet":"max-snippet:-1","max-image-preview":"max-image-preview:large","max-video-preview":"max-video-preview:-1"},"canonical":"https:\/\/campofiore.eu\/de\/gebiet\/umgebung\/","og_locale":"de_DE","og_type":"article","og_title":"Cosa vedere a Padova e dintorni: alloggia al Campofiore","og_description":"Visitare il Veneto e scoprire le unicit\u00e0 del territorio: la Laguna di Venezia, Padova e Sant\u2019Antonio, la Pianura padana e tanto altro.","og_url":"https:\/\/campofiore.eu\/de\/gebiet\/umgebung\/","og_site_name":"Campofiore","article_modified_time":"2025-07-11T12:10:04+00:00","og_image":[{"url":"https:\/\/campofiore.eu\/wp-content\/uploads\/elementor\/thumbs\/map-4152197_1280-qoz38fvk9an0adizpwpr39nuwk5mzc6euig44dg66w.jpg","type":"","width":"","height":""}],"twitter_card":"summary_large_image","twitter_misc":{"Gesch\u00e4tzte Lesezeit":"3\u00a0Minuten"},"schema":{"@context":"https:\/\/schema.org","@graph":[{"@type":"WebPage","@id":"https:\/\/campofiore.eu\/de\/gebiet\/umgebung\/","url":"https:\/\/campofiore.eu\/de\/gebiet\/umgebung\/","name":"Cosa vedere a Padova e dintorni: alloggia al Campofiore","isPartOf":{"@id":"https:\/\/campofiore.eu\/de\/#website"},"primaryImageOfPage":{"@id":"https:\/\/campofiore.eu\/de\/gebiet\/umgebung\/#primaryimage"},"image":{"@id":"https:\/\/campofiore.eu\/de\/gebiet\/umgebung\/#primaryimage"},"thumbnailUrl":"https:\/\/campofiore.eu\/wp-content\/uploads\/elementor\/thumbs\/map-4152197_1280-qoz38fvk9an0adizpwpr39nuwk5mzc6euig44dg66w.jpg","datePublished":"2024-05-31T13:53:21+00:00","dateModified":"2025-07-11T12:10:04+00:00","description":"Visitare il Veneto e scoprire le unicit\u00e0 del territorio: la Laguna di Venezia, Padova e Sant\u2019Antonio, la Pianura padana e tanto altro.","breadcrumb":{"@id":"https:\/\/campofiore.eu\/de\/gebiet\/umgebung\/#breadcrumb"},"inLanguage":"de","potentialAction":[{"@type":"ReadAction","target":["https:\/\/campofiore.eu\/de\/gebiet\/umgebung\/"]}]},{"@type":"ImageObject","inLanguage":"de","@id":"https:\/\/campofiore.eu\/de\/gebiet\/umgebung\/#primaryimage","url":"https:\/\/campofiore.eu\/wp-content\/uploads\/elementor\/thumbs\/map-4152197_1280-qoz38fvk9an0adizpwpr39nuwk5mzc6euig44dg66w.jpg","contentUrl":"https:\/\/campofiore.eu\/wp-content\/uploads\/elementor\/thumbs\/map-4152197_1280-qoz38fvk9an0adizpwpr39nuwk5mzc6euig44dg66w.jpg"},{"@type":"BreadcrumbList","@id":"https:\/\/campofiore.eu\/de\/gebiet\/umgebung\/#breadcrumb","itemListElement":[{"@type":"ListItem","position":1,"name":"Home","item":"https:\/\/campofiore.eu\/de\/"},{"@type":"ListItem","position":2,"name":"Gebiet","item":"https:\/\/campofiore.eu\/de\/territorio\/"},{"@type":"ListItem","position":3,"name":"Umgebung"}]},{"@type":"WebSite","@id":"https:\/\/campofiore.eu\/de\/#website","url":"https:\/\/campofiore.eu\/de\/","name":"Campofiore","description":"","publisher":{"@id":"https:\/\/campofiore.eu\/de\/#organization"},"potentialAction":[{"@type":"SearchAction","target":{"@type":"EntryPoint","urlTemplate":"https:\/\/campofiore.eu\/de\/?s={search_term_string}"},"query-input":{"@type":"PropertyValueSpecification","valueRequired":true,"valueName":"search_term_string"}}],"inLanguage":"de"},{"@type":"Organization","@id":"https:\/\/campofiore.eu\/de\/#organization","name":"Campofiore","url":"https:\/\/campofiore.eu\/de\/","logo":{"@type":"ImageObject","inLanguage":"de","@id":"https:\/\/campofiore.eu\/de\/#\/schema\/logo\/image\/","url":"https:\/\/campofiore.eu\/wp-content\/uploads\/2023\/09\/logo.png","contentUrl":"https:\/\/campofiore.eu\/wp-content\/uploads\/2023\/09\/logo.png","width":2100,"height":615,"caption":"Campofiore"},"image":{"@id":"https:\/\/campofiore.eu\/de\/#\/schema\/logo\/image\/"}}]}},"_links":{"self":[{"href":"https:\/\/campofiore.eu\/de\/wp-json\/wp\/v2\/pages\/2261","targetHints":{"allow":["GET"]}}],"collection":[{"href":"https:\/\/campofiore.eu\/de\/wp-json\/wp\/v2\/pages"}],"about":[{"href":"https:\/\/campofiore.eu\/de\/wp-json\/wp\/v2\/types\/page"}],"author":[{"embeddable":true,"href":"https:\/\/campofiore.eu\/de\/wp-json\/wp\/v2\/users\/1"}],"replies":[{"embeddable":true,"href":"https:\/\/campofiore.eu\/de\/wp-json\/wp\/v2\/comments?post=2261"}],"version-history":[{"count":5,"href":"https:\/\/campofiore.eu\/de\/wp-json\/wp\/v2\/pages\/2261\/revisions"}],"predecessor-version":[{"id":2392,"href":"https:\/\/campofiore.eu\/de\/wp-json\/wp\/v2\/pages\/2261\/revisions\/2392"}],"up":[{"embeddable":true,"href":"https:\/\/campofiore.eu\/de\/wp-json\/wp\/v2\/pages\/2268"}],"wp:attachment":[{"href":"https:\/\/campofiore.eu\/de\/wp-json\/wp\/v2\/media?parent=2261"}],"curies":[{"name":"wp","href":"https:\/\/api.w.org\/{rel}","templated":true}]}}