{"id":2281,"date":"2024-03-26T10:24:25","date_gmt":"2024-03-26T09:24:25","guid":{"rendered":"https:\/\/campofiore.eu\/gebaeude\/"},"modified":"2025-07-11T12:23:07","modified_gmt":"2025-07-11T10:23:07","slug":"gebaeude","status":"publish","type":"page","link":"https:\/\/campofiore.eu\/de\/gebaeude\/","title":{"rendered":"Geb\u00e4ude"},"content":{"rendered":"\t\t<div data-elementor-type=\"wp-page\" data-elementor-id=\"2281\" class=\"elementor elementor-2281 elementor-549\" data-elementor-post-type=\"page\">\n\t\t\t\t<div class=\"elementor-element elementor-element-c4bbacb e-flex e-con-boxed e-con e-parent\" data-id=\"c4bbacb\" data-element_type=\"container\" data-e-type=\"container\" data-settings=\"{&quot;background_background&quot;:&quot;classic&quot;}\">\n\t\t\t\t\t<div class=\"e-con-inner\">\n\t\t<div class=\"elementor-element elementor-element-83209b2 e-flex e-con-boxed e-con e-child\" data-id=\"83209b2\" data-element_type=\"container\" data-e-type=\"container\">\n\t\t\t\t\t<div class=\"e-con-inner\">\n\t\t\t\t<div class=\"elementor-element elementor-element-37698ee elementor-widget elementor-widget-heading\" data-id=\"37698ee\" data-element_type=\"widget\" data-e-type=\"widget\" data-widget_type=\"heading.default\">\n\t\t\t\t<div class=\"elementor-widget-container\">\n\t\t\t\t\t<h2 class=\"elementor-heading-title elementor-size-default\">Geb\u00e4ude<\/h2>\t\t\t\t<\/div>\n\t\t\t\t<\/div>\n\t\t\t\t<div class=\"elementor-element elementor-element-025f816 elementor-align-center elementor-widget elementor-widget-breadcrumbs\" data-id=\"025f816\" data-element_type=\"widget\" data-e-type=\"widget\" data-widget_type=\"breadcrumbs.default\">\n\t\t\t\t<div class=\"elementor-widget-container\">\n\t\t\t\t\t<p id=\"breadcrumbs\"><span><span><a href=\"https:\/\/campofiore.eu\/de\/\">Home<\/a><\/span><\/span><\/p>\t\t\t\t<\/div>\n\t\t\t\t<\/div>\n\t\t\t\t\t<\/div>\n\t\t\t\t<\/div>\n\t\t\t\t\t<\/div>\n\t\t\t\t<\/div>\n\t\t<div class=\"elementor-element elementor-element-d7c5926 e-flex e-con-boxed e-con e-parent\" data-id=\"d7c5926\" data-element_type=\"container\" data-e-type=\"container\" data-settings=\"{&quot;background_background&quot;:&quot;classic&quot;}\">\n\t\t\t\t\t<div class=\"e-con-inner\">\n\t\t<div class=\"elementor-element elementor-element-9b1eb83 e-flex e-con-boxed e-con e-child\" data-id=\"9b1eb83\" data-element_type=\"container\" data-e-type=\"container\">\n\t\t\t\t\t<div class=\"e-con-inner\">\n\t\t\t\t<div class=\"elementor-element elementor-element-9a1fd85 elementor-flip-box--direction-right elementor-flip-box--effect-flip elementor-invisible elementor-widget elementor-widget-flip-box\" data-id=\"9a1fd85\" data-element_type=\"widget\" data-e-type=\"widget\" data-settings=\"{&quot;_animation&quot;:&quot;slideInDown&quot;}\" data-widget_type=\"flip-box.default\">\n\t\t\t\t<div class=\"elementor-widget-container\">\n\t\t\t\t\t\t\t<div class=\"elementor-flip-box\" tabindex=\"0\">\n\t\t\t<div class=\"elementor-flip-box__layer elementor-flip-box__front\">\n\t\t\t\t<div class=\"elementor-flip-box__layer__overlay\">\n\t\t\t\t\t<div class=\"elementor-flip-box__layer__inner\">\n\t\t\t\t\t\t\t\t\t\t\t\t\t<div class=\"elementor-icon-wrapper elementor-view-default\">\n\t\t\t\t\t\t\t\t<div class=\"elementor-icon\">\n\t\t\t\t\t\t\t\t\t\t\t\t\t\t\t\t\t<\/div>\n\t\t\t\t\t\t\t<\/div>\n\t\t\t\t\t\t\n\t\t\t\t\t\t\t\t\t\t\t\t\t<h3 class=\"elementor-flip-box__layer__title\">\n\t\t\t\t\t\t\t\tInnenbereich\t\t\t\t\t\t\t<\/h3>\n\t\t\t\t\t\t\n\t\t\t\t\t\t\t\t\t\t\t<\/div>\n\t\t\t\t<\/div>\n\t\t\t<\/div>\n\t\t\t<div class=\"elementor-flip-box__layer elementor-flip-box__back\">\n\t\t\t<div class=\"elementor-flip-box__layer__overlay\">\n\t\t\t\t<div class=\"elementor-flip-box__layer__inner\">\n\t\t\t\t\t\t\t\t\t\t\t<h3 class=\"elementor-flip-box__layer__title\">\n\t\t\t\t\t\t\tInnenbereich\t\t\t\t\t\t<\/h3>\n\t\t\t\t\t\n\t\t\t\t\t\t\t\t\t\t\t<div class=\"elementor-flip-box__layer__description\">\n\t\t\t\t\t\t\tElegante und gem\u00fctliche R\u00e4ume zum Entspannen und geselliges Beisammensein\t\t\t\t\t\t<\/div>\n\t\t\t\t\t\n\t\t\t\t\t\t\t\t\t\t\t<a class=\"elementor-flip-box__button elementor-button elementor-size-sm\" href=\"https:\/\/campofiore.eu\/struttura-interna\/\">\n\t\t\t\t\t\t\tMehr erfahren\t\t\t\t\t\t<\/a>\n\t\t\t\t\t\t\t\t<\/div>\n\t\t<\/div>\n\t\t<\/div>\n\t\t<\/div>\n\t\t\t\t\t\t<\/div>\n\t\t\t\t<\/div>\n\t\t\t\t\t<\/div>\n\t\t\t\t<\/div>\n\t\t<div class=\"elementor-element elementor-element-d75250e e-flex e-con-boxed e-con e-child\" data-id=\"d75250e\" data-element_type=\"container\" data-e-type=\"container\">\n\t\t\t\t\t<div class=\"e-con-inner\">\n\t\t\t\t<div class=\"elementor-element elementor-element-a961abc elementor-flip-box--direction-right elementor-flip-box--effect-flip elementor-invisible elementor-widget elementor-widget-flip-box\" data-id=\"a961abc\" data-element_type=\"widget\" data-e-type=\"widget\" data-settings=\"{&quot;_animation&quot;:&quot;slideInUp&quot;,&quot;_animation_delay&quot;:250}\" data-widget_type=\"flip-box.default\">\n\t\t\t\t<div class=\"elementor-widget-container\">\n\t\t\t\t\t\t\t<div class=\"elementor-flip-box\" tabindex=\"0\">\n\t\t\t<div class=\"elementor-flip-box__layer elementor-flip-box__front\">\n\t\t\t\t<div class=\"elementor-flip-box__layer__overlay\">\n\t\t\t\t\t<div class=\"elementor-flip-box__layer__inner\">\n\t\t\t\t\t\t\t\t\t\t\t\t\t<div class=\"elementor-icon-wrapper elementor-view-default\">\n\t\t\t\t\t\t\t\t<div class=\"elementor-icon\">\n\t\t\t\t\t\t\t\t\t\t\t\t\t\t\t\t\t<\/div>\n\t\t\t\t\t\t\t<\/div>\n\t\t\t\t\t\t\n\t\t\t\t\t\t\t\t\t\t\t\t\t<h3 class=\"elementor-flip-box__layer__title\">\n\t\t\t\t\t\t\t\tAu\u00dfenbereich\t\t\t\t\t\t\t<\/h3>\n\t\t\t\t\t\t\n\t\t\t\t\t\t\t\t\t\t\t<\/div>\n\t\t\t\t<\/div>\n\t\t\t<\/div>\n\t\t\t<div class=\"elementor-flip-box__layer elementor-flip-box__back\">\n\t\t\t<div class=\"elementor-flip-box__layer__overlay\">\n\t\t\t\t<div class=\"elementor-flip-box__layer__inner\">\n\t\t\t\t\t\t\t\t\t\t\t<h3 class=\"elementor-flip-box__layer__title\">\n\t\t\t\t\t\t\tAu\u00dfenbereich\t\t\t\t\t\t<\/h3>\n\t\t\t\t\t\n\t\t\t\t\t\t\t\t\t\t\t<div class=\"elementor-flip-box__layer__description\">\n\t\t\t\t\t\t\tWeitl\u00e4ufige Gr\u00fcnfl\u00e4che\t\t\t\t\t\t<\/div>\n\t\t\t\t\t\n\t\t\t\t\t\t\t\t\t\t\t<a class=\"elementor-flip-box__button elementor-button elementor-size-sm\" href=\"https:\/\/campofiore.eu\/struttura-esterna\/\">\n\t\t\t\t\t\t\tMehr erfahren\t\t\t\t\t\t<\/a>\n\t\t\t\t\t\t\t\t<\/div>\n\t\t<\/div>\n\t\t<\/div>\n\t\t<\/div>\n\t\t\t\t\t\t<\/div>\n\t\t\t\t<\/div>\n\t\t\t\t\t<\/div>\n\t\t\t\t<\/div>\n\t\t\t\t\t<\/div>\n\t\t\t\t<\/div>\n\t\t\t\t<\/div>\n\t\t","protected":false},"excerpt":{"rendered":"<p>Innenbereich Innenbereich Elegante und gem\u00fctliche R\u00e4ume zum Entspannen und geselliges Beisammensein Mehr erfahren Au\u00dfenbereich Au\u00dfenbereich Weitl\u00e4ufige Gr\u00fcnfl\u00e4che Mehr erfahren<\/p>\n","protected":false},"author":1,"featured_media":0,"parent":0,"menu_order":0,"comment_status":"closed","ping_status":"closed","template":"","meta":{"_acf_changed":false,"footnotes":""},"class_list":["post-2281","page","type-page","status-publish","hentry"],"acf":[],"yoast_head":"<!-- This site is optimized with the Yoast SEO plugin v27.3 - https:\/\/yoast.com\/product\/yoast-seo-wordpress\/ -->\n<title>Alloggi a Padova? Scopri Campofiore Country House<\/title>\n<meta name=\"description\" content=\"Visita il sito di Campofiore e scopri degli alloggi a Padova che sono immersi nel verde della campagna Veneta. Clicca qui e scopri le stanze!\" \/>\n<meta name=\"robots\" content=\"index, follow, max-snippet:-1, max-image-preview:large, max-video-preview:-1\" \/>\n<link rel=\"canonical\" href=\"https:\/\/campofiore.eu\/de\/gebaeude\/\" \/>\n<meta property=\"og:locale\" content=\"de_DE\" \/>\n<meta property=\"og:type\" content=\"article\" \/>\n<meta property=\"og:title\" content=\"Alloggi a Padova? Scopri Campofiore Country House\" \/>\n<meta property=\"og:description\" content=\"Visita il sito di Campofiore e scopri degli alloggi a Padova che sono immersi nel verde della campagna Veneta. Clicca qui e scopri le stanze!\" \/>\n<meta property=\"og:url\" content=\"https:\/\/campofiore.eu\/de\/gebaeude\/\" \/>\n<meta property=\"og:site_name\" content=\"Campofiore\" \/>\n<meta property=\"article:modified_time\" content=\"2025-07-11T10:23:07+00:00\" \/>\n<meta name=\"twitter:card\" content=\"summary_large_image\" \/>\n<script type=\"application\/ld+json\" class=\"yoast-schema-graph\">{\"@context\":\"https:\\\/\\\/schema.org\",\"@graph\":[{\"@type\":\"WebPage\",\"@id\":\"https:\\\/\\\/campofiore.eu\\\/de\\\/gebaeude\\\/\",\"url\":\"https:\\\/\\\/campofiore.eu\\\/de\\\/gebaeude\\\/\",\"name\":\"Alloggi a Padova? Scopri Campofiore Country House\",\"isPartOf\":{\"@id\":\"https:\\\/\\\/campofiore.eu\\\/de\\\/#website\"},\"datePublished\":\"2024-03-26T09:24:25+00:00\",\"dateModified\":\"2025-07-11T10:23:07+00:00\",\"description\":\"Visita il sito di Campofiore e scopri degli alloggi a Padova che sono immersi nel verde della campagna Veneta. Clicca qui e scopri le stanze!\",\"breadcrumb\":{\"@id\":\"https:\\\/\\\/campofiore.eu\\\/de\\\/gebaeude\\\/#breadcrumb\"},\"inLanguage\":\"de\",\"potentialAction\":[{\"@type\":\"ReadAction\",\"target\":[\"https:\\\/\\\/campofiore.eu\\\/de\\\/gebaeude\\\/\"]}]},{\"@type\":\"BreadcrumbList\",\"@id\":\"https:\\\/\\\/campofiore.eu\\\/de\\\/gebaeude\\\/#breadcrumb\",\"itemListElement\":[{\"@type\":\"ListItem\",\"position\":1,\"name\":\"Home\",\"item\":\"https:\\\/\\\/campofiore.eu\\\/de\\\/\"},{\"@type\":\"ListItem\",\"position\":2,\"name\":\"Geb\u00e4ude\"}]},{\"@type\":\"WebSite\",\"@id\":\"https:\\\/\\\/campofiore.eu\\\/de\\\/#website\",\"url\":\"https:\\\/\\\/campofiore.eu\\\/de\\\/\",\"name\":\"Campofiore\",\"description\":\"\",\"publisher\":{\"@id\":\"https:\\\/\\\/campofiore.eu\\\/de\\\/#organization\"},\"potentialAction\":[{\"@type\":\"SearchAction\",\"target\":{\"@type\":\"EntryPoint\",\"urlTemplate\":\"https:\\\/\\\/campofiore.eu\\\/de\\\/?s={search_term_string}\"},\"query-input\":{\"@type\":\"PropertyValueSpecification\",\"valueRequired\":true,\"valueName\":\"search_term_string\"}}],\"inLanguage\":\"de\"},{\"@type\":\"Organization\",\"@id\":\"https:\\\/\\\/campofiore.eu\\\/de\\\/#organization\",\"name\":\"Campofiore\",\"url\":\"https:\\\/\\\/campofiore.eu\\\/de\\\/\",\"logo\":{\"@type\":\"ImageObject\",\"inLanguage\":\"de\",\"@id\":\"https:\\\/\\\/campofiore.eu\\\/de\\\/#\\\/schema\\\/logo\\\/image\\\/\",\"url\":\"https:\\\/\\\/campofiore.eu\\\/wp-content\\\/uploads\\\/2023\\\/09\\\/logo.png\",\"contentUrl\":\"https:\\\/\\\/campofiore.eu\\\/wp-content\\\/uploads\\\/2023\\\/09\\\/logo.png\",\"width\":2100,\"height\":615,\"caption\":\"Campofiore\"},\"image\":{\"@id\":\"https:\\\/\\\/campofiore.eu\\\/de\\\/#\\\/schema\\\/logo\\\/image\\\/\"}}]}<\/script>\n<!-- \/ Yoast SEO plugin. -->","yoast_head_json":{"title":"Alloggi a Padova? Scopri Campofiore Country House","description":"Visita il sito di Campofiore e scopri degli alloggi a Padova che sono immersi nel verde della campagna Veneta. Clicca qui e scopri le stanze!","robots":{"index":"index","follow":"follow","max-snippet":"max-snippet:-1","max-image-preview":"max-image-preview:large","max-video-preview":"max-video-preview:-1"},"canonical":"https:\/\/campofiore.eu\/de\/gebaeude\/","og_locale":"de_DE","og_type":"article","og_title":"Alloggi a Padova? Scopri Campofiore Country House","og_description":"Visita il sito di Campofiore e scopri degli alloggi a Padova che sono immersi nel verde della campagna Veneta. Clicca qui e scopri le stanze!","og_url":"https:\/\/campofiore.eu\/de\/gebaeude\/","og_site_name":"Campofiore","article_modified_time":"2025-07-11T10:23:07+00:00","twitter_card":"summary_large_image","schema":{"@context":"https:\/\/schema.org","@graph":[{"@type":"WebPage","@id":"https:\/\/campofiore.eu\/de\/gebaeude\/","url":"https:\/\/campofiore.eu\/de\/gebaeude\/","name":"Alloggi a Padova? Scopri Campofiore Country House","isPartOf":{"@id":"https:\/\/campofiore.eu\/de\/#website"},"datePublished":"2024-03-26T09:24:25+00:00","dateModified":"2025-07-11T10:23:07+00:00","description":"Visita il sito di Campofiore e scopri degli alloggi a Padova che sono immersi nel verde della campagna Veneta. Clicca qui e scopri le stanze!","breadcrumb":{"@id":"https:\/\/campofiore.eu\/de\/gebaeude\/#breadcrumb"},"inLanguage":"de","potentialAction":[{"@type":"ReadAction","target":["https:\/\/campofiore.eu\/de\/gebaeude\/"]}]},{"@type":"BreadcrumbList","@id":"https:\/\/campofiore.eu\/de\/gebaeude\/#breadcrumb","itemListElement":[{"@type":"ListItem","position":1,"name":"Home","item":"https:\/\/campofiore.eu\/de\/"},{"@type":"ListItem","position":2,"name":"Geb\u00e4ude"}]},{"@type":"WebSite","@id":"https:\/\/campofiore.eu\/de\/#website","url":"https:\/\/campofiore.eu\/de\/","name":"Campofiore","description":"","publisher":{"@id":"https:\/\/campofiore.eu\/de\/#organization"},"potentialAction":[{"@type":"SearchAction","target":{"@type":"EntryPoint","urlTemplate":"https:\/\/campofiore.eu\/de\/?s={search_term_string}"},"query-input":{"@type":"PropertyValueSpecification","valueRequired":true,"valueName":"search_term_string"}}],"inLanguage":"de"},{"@type":"Organization","@id":"https:\/\/campofiore.eu\/de\/#organization","name":"Campofiore","url":"https:\/\/campofiore.eu\/de\/","logo":{"@type":"ImageObject","inLanguage":"de","@id":"https:\/\/campofiore.eu\/de\/#\/schema\/logo\/image\/","url":"https:\/\/campofiore.eu\/wp-content\/uploads\/2023\/09\/logo.png","contentUrl":"https:\/\/campofiore.eu\/wp-content\/uploads\/2023\/09\/logo.png","width":2100,"height":615,"caption":"Campofiore"},"image":{"@id":"https:\/\/campofiore.eu\/de\/#\/schema\/logo\/image\/"}}]}},"_links":{"self":[{"href":"https:\/\/campofiore.eu\/de\/wp-json\/wp\/v2\/pages\/2281","targetHints":{"allow":["GET"]}}],"collection":[{"href":"https:\/\/campofiore.eu\/de\/wp-json\/wp\/v2\/pages"}],"about":[{"href":"https:\/\/campofiore.eu\/de\/wp-json\/wp\/v2\/types\/page"}],"author":[{"embeddable":true,"href":"https:\/\/campofiore.eu\/de\/wp-json\/wp\/v2\/users\/1"}],"replies":[{"embeddable":true,"href":"https:\/\/campofiore.eu\/de\/wp-json\/wp\/v2\/comments?post=2281"}],"version-history":[{"count":1,"href":"https:\/\/campofiore.eu\/de\/wp-json\/wp\/v2\/pages\/2281\/revisions"}],"predecessor-version":[{"id":2282,"href":"https:\/\/campofiore.eu\/de\/wp-json\/wp\/v2\/pages\/2281\/revisions\/2282"}],"wp:attachment":[{"href":"https:\/\/campofiore.eu\/de\/wp-json\/wp\/v2\/media?parent=2281"}],"curies":[{"name":"wp","href":"https:\/\/api.w.org\/{rel}","templated":true}]}}