{"id":2321,"date":"2024-03-26T10:33:17","date_gmt":"2024-03-26T09:33:17","guid":{"rendered":"https:\/\/campofiore.eu\/kontakt\/"},"modified":"2025-07-11T12:37:50","modified_gmt":"2025-07-11T10:37:50","slug":"kontakt","status":"publish","type":"page","link":"https:\/\/campofiore.eu\/de\/kontakt\/","title":{"rendered":"Kontakt"},"content":{"rendered":"\t\t<div data-elementor-type=\"wp-page\" data-elementor-id=\"2321\" class=\"elementor elementor-2321 elementor-555\" data-elementor-post-type=\"page\">\n\t\t\t\t<div class=\"elementor-element elementor-element-0247212 e-flex e-con-boxed e-con e-parent\" data-id=\"0247212\" data-element_type=\"container\" data-e-type=\"container\" data-settings=\"{&quot;background_background&quot;:&quot;classic&quot;}\">\n\t\t\t\t\t<div class=\"e-con-inner\">\n\t\t<div class=\"elementor-element elementor-element-eb5e5c9 e-flex e-con-boxed e-con e-child\" data-id=\"eb5e5c9\" data-element_type=\"container\" data-e-type=\"container\">\n\t\t\t\t\t<div class=\"e-con-inner\">\n\t\t\t\t<div class=\"elementor-element elementor-element-7b570be elementor-widget elementor-widget-heading\" data-id=\"7b570be\" data-element_type=\"widget\" data-e-type=\"widget\" data-widget_type=\"heading.default\">\n\t\t\t\t<div class=\"elementor-widget-container\">\n\t\t\t\t\t<h2 class=\"elementor-heading-title elementor-size-default\">Kontakt<\/h2>\t\t\t\t<\/div>\n\t\t\t\t<\/div>\n\t\t\t\t<div class=\"elementor-element elementor-element-7da2ba9 elementor-align-center elementor-widget elementor-widget-breadcrumbs\" data-id=\"7da2ba9\" data-element_type=\"widget\" data-e-type=\"widget\" data-widget_type=\"breadcrumbs.default\">\n\t\t\t\t<div class=\"elementor-widget-container\">\n\t\t\t\t\t<p id=\"breadcrumbs\"><span><span><a href=\"https:\/\/campofiore.eu\/de\/\">Home<\/a><\/span><\/span><\/p>\t\t\t\t<\/div>\n\t\t\t\t<\/div>\n\t\t\t\t\t<\/div>\n\t\t\t\t<\/div>\n\t\t\t\t\t<\/div>\n\t\t\t\t<\/div>\n\t\t<div class=\"elementor-element elementor-element-cea3381 e-flex e-con-boxed e-con e-parent\" data-id=\"cea3381\" data-element_type=\"container\" data-e-type=\"container\" data-settings=\"{&quot;background_background&quot;:&quot;classic&quot;}\">\n\t\t\t\t\t<div class=\"e-con-inner\">\n\t\t<div class=\"elementor-element elementor-element-cc987e0 e-flex e-con-boxed e-con e-child\" data-id=\"cc987e0\" data-element_type=\"container\" data-e-type=\"container\">\n\t\t\t\t\t<div class=\"e-con-inner\">\n\t\t<div class=\"elementor-element elementor-element-0a363c9 e-flex e-con-boxed e-con e-child\" data-id=\"0a363c9\" data-element_type=\"container\" data-e-type=\"container\">\n\t\t\t\t\t<div class=\"e-con-inner\">\n\t\t\t\t<div class=\"elementor-element elementor-element-915b1ae elementor-view-default elementor-widget elementor-widget-icon\" data-id=\"915b1ae\" data-element_type=\"widget\" data-e-type=\"widget\" data-widget_type=\"icon.default\">\n\t\t\t\t<div class=\"elementor-widget-container\">\n\t\t\t\t\t\t\t<div class=\"elementor-icon-wrapper\">\n\t\t\t<a class=\"elementor-icon\" href=\"https:\/\/maps.app.goo.gl\/toSWxDecQoJFyHP37\" target=\"_blank\">\n\t\t\t<i aria-hidden=\"true\" class=\"fas fa-map-marked\"><\/i>\t\t\t<\/a>\n\t\t<\/div>\n\t\t\t\t\t\t<\/div>\n\t\t\t\t<\/div>\n\t\t\t\t<div class=\"elementor-element elementor-element-b926628 elementor-widget elementor-widget-text-editor\" data-id=\"b926628\" data-element_type=\"widget\" data-e-type=\"widget\" data-widget_type=\"text-editor.default\">\n\t\t\t\t<div class=\"elementor-widget-container\">\n\t\t\t\t\t\t\t\t\t<p>Country House Campofiore<br \/>Via Isola Terranova 506,<br \/>35029 Pontelongo PD<\/p>\n\t\t\t\t\t\t\t\t<\/div>\n\t\t\t\t<\/div>\n\t\t\t\t\t<\/div>\n\t\t\t\t<\/div>\n\t\t<div class=\"elementor-element elementor-element-004bdb5 e-flex e-con-boxed e-con e-child\" data-id=\"004bdb5\" data-element_type=\"container\" data-e-type=\"container\">\n\t\t\t\t\t<div class=\"e-con-inner\">\n\t\t\t\t<div class=\"elementor-element elementor-element-2cd9e1b elementor-view-default elementor-widget elementor-widget-icon\" data-id=\"2cd9e1b\" data-element_type=\"widget\" data-e-type=\"widget\" data-widget_type=\"icon.default\">\n\t\t\t\t<div class=\"elementor-widget-container\">\n\t\t\t\t\t\t\t<div class=\"elementor-icon-wrapper\">\n\t\t\t<a class=\"elementor-icon\" href=\"tel:+39%20333%206482775\">\n\t\t\t<i aria-hidden=\"true\" class=\"fas fa-phone-alt\"><\/i>\t\t\t<\/a>\n\t\t<\/div>\n\t\t\t\t\t\t<\/div>\n\t\t\t\t<\/div>\n\t\t\t\t<div class=\"elementor-element elementor-element-443666d elementor-widget elementor-widget-text-editor\" data-id=\"443666d\" data-element_type=\"widget\" data-e-type=\"widget\" data-widget_type=\"text-editor.default\">\n\t\t\t\t<div class=\"elementor-widget-container\">\n\t\t\t\t\t\t\t\t\t<p>+39 333 6482775<\/p>\n\t\t\t\t\t\t\t\t<\/div>\n\t\t\t\t<\/div>\n\t\t\t\t\t<\/div>\n\t\t\t\t<\/div>\n\t\t<div class=\"elementor-element elementor-element-c12bff1 e-flex e-con-boxed e-con e-child\" data-id=\"c12bff1\" data-element_type=\"container\" data-e-type=\"container\">\n\t\t\t\t\t<div class=\"e-con-inner\">\n\t\t\t\t<div class=\"elementor-element elementor-element-a3a6927 elementor-view-default elementor-widget elementor-widget-icon\" data-id=\"a3a6927\" data-element_type=\"widget\" data-e-type=\"widget\" data-widget_type=\"icon.default\">\n\t\t\t\t<div class=\"elementor-widget-container\">\n\t\t\t\t\t\t\t<div class=\"elementor-icon-wrapper\">\n\t\t\t<a class=\"elementor-icon\" href=\"mailto:info@campofiore.eu\">\n\t\t\t<i aria-hidden=\"true\" class=\"fas fa-envelope\"><\/i>\t\t\t<\/a>\n\t\t<\/div>\n\t\t\t\t\t\t<\/div>\n\t\t\t\t<\/div>\n\t\t\t\t<div class=\"elementor-element elementor-element-6eca2e1 elementor-widget elementor-widget-text-editor\" data-id=\"6eca2e1\" data-element_type=\"widget\" data-e-type=\"widget\" data-widget_type=\"text-editor.default\">\n\t\t\t\t<div class=\"elementor-widget-container\">\n\t\t\t\t\t\t\t\t\t<p>info@campofiore.eu<\/p>\n\t\t\t\t\t\t\t\t<\/div>\n\t\t\t\t<\/div>\n\t\t\t\t\t<\/div>\n\t\t\t\t<\/div>\n\t\t\t\t\t<\/div>\n\t\t\t\t<\/div>\n\t\t\t\t\t<\/div>\n\t\t\t\t<\/div>\n\t\t<div class=\"elementor-element elementor-element-937c17f e-flex e-con-boxed e-con e-parent\" data-id=\"937c17f\" data-element_type=\"container\" data-e-type=\"container\" data-settings=\"{&quot;background_background&quot;:&quot;classic&quot;}\">\n\t\t\t\t\t<div class=\"e-con-inner\">\n\t\t<div class=\"elementor-element elementor-element-6adc8ef e-flex e-con-boxed e-con e-child\" data-id=\"6adc8ef\" data-element_type=\"container\" data-e-type=\"container\">\n\t\t\t\t\t<div class=\"e-con-inner\">\n\t\t\t\t<div class=\"elementor-element elementor-element-dc77cbf elementor-widget elementor-widget-image\" data-id=\"dc77cbf\" data-element_type=\"widget\" data-e-type=\"widget\" data-widget_type=\"image.default\">\n\t\t\t\t<div class=\"elementor-widget-container\">\n\t\t\t\t\t\t\t\t\t\t\t\t\t\t\t\t<a href=\"https:\/\/www.booking.com\/hotel\/it\/country-house-campofiore.it.html\" target=\"_blank\">\n\t\t\t\t\t\t\t<img decoding=\"async\" width=\"479\" height=\"79\" src=\"https:\/\/campofiore.eu\/wp-content\/uploads\/2024\/04\/booking.png\" class=\"attachment-large size-large wp-image-2325\" alt=\"\" srcset=\"https:\/\/campofiore.eu\/wp-content\/uploads\/2024\/04\/booking.png 479w, https:\/\/campofiore.eu\/wp-content\/uploads\/2024\/04\/booking-300x49.png 300w\" sizes=\"(max-width: 479px) 100vw, 479px\" \/>\t\t\t\t\t\t\t\t<\/a>\n\t\t\t\t\t\t\t\t\t\t\t\t\t\t\t<\/div>\n\t\t\t\t<\/div>\n\t\t\t\t\t<\/div>\n\t\t\t\t<\/div>\n\t\t<div class=\"elementor-element elementor-element-12d5356 e-flex e-con-boxed e-con e-child\" data-id=\"12d5356\" data-element_type=\"container\" data-e-type=\"container\">\n\t\t\t\t\t<div class=\"e-con-inner\">\n\t\t\t\t<div class=\"elementor-element elementor-element-86356db elementor-widget elementor-widget-image\" data-id=\"86356db\" data-element_type=\"widget\" data-e-type=\"widget\" data-widget_type=\"image.default\">\n\t\t\t\t<div class=\"elementor-widget-container\">\n\t\t\t\t\t\t\t\t\t\t\t\t\t\t\t\t<a href=\"https:\/\/www.expedia.it\/Pontelongo-Hotel-Country-House-Campofiore.h34472048.Informazioni-Hotel\" target=\"_blank\">\n\t\t\t\t\t\t\t<img fetchpriority=\"high\" decoding=\"async\" width=\"479\" height=\"133\" src=\"https:\/\/campofiore.eu\/wp-content\/uploads\/2024\/04\/exp.png\" class=\"attachment-large size-large wp-image-2326\" alt=\"\" srcset=\"https:\/\/campofiore.eu\/wp-content\/uploads\/2024\/04\/exp.png 479w, https:\/\/campofiore.eu\/wp-content\/uploads\/2024\/04\/exp-300x83.png 300w\" sizes=\"(max-width: 479px) 100vw, 479px\" \/>\t\t\t\t\t\t\t\t<\/a>\n\t\t\t\t\t\t\t\t\t\t\t\t\t\t\t<\/div>\n\t\t\t\t<\/div>\n\t\t\t\t\t<\/div>\n\t\t\t\t<\/div>\n\t\t\t\t\t<\/div>\n\t\t\t\t<\/div>\n\t\t<div class=\"elementor-element elementor-element-1e7e67a e-flex e-con-boxed e-con e-parent\" data-id=\"1e7e67a\" data-element_type=\"container\" data-e-type=\"container\" data-settings=\"{&quot;background_background&quot;:&quot;classic&quot;}\">\n\t\t\t\t\t<div class=\"e-con-inner\">\n\t\t<div class=\"elementor-element elementor-element-cc12cca e-flex e-con-boxed e-con e-child\" data-id=\"cc12cca\" data-element_type=\"container\" data-e-type=\"container\" data-settings=\"{&quot;background_background&quot;:&quot;classic&quot;}\">\n\t\t\t\t\t<div class=\"e-con-inner\">\n\t\t<div class=\"elementor-element elementor-element-622f390 e-flex e-con-boxed e-con e-child\" data-id=\"622f390\" data-element_type=\"container\" data-e-type=\"container\">\n\t\t\t\t\t<div class=\"e-con-inner\">\n\t\t\t\t<div class=\"elementor-element elementor-element-2693d17 elementor-button-align-stretch elementor-widget elementor-widget-form\" data-id=\"2693d17\" data-element_type=\"widget\" data-e-type=\"widget\" data-settings=\"{&quot;step_next_label&quot;:&quot;Weiter&quot;,&quot;step_previous_label&quot;:&quot;Vorherige&quot;,&quot;button_width&quot;:&quot;100&quot;,&quot;step_type&quot;:&quot;number_text&quot;,&quot;step_icon_shape&quot;:&quot;circle&quot;}\" data-widget_type=\"form.default\">\n\t\t\t\t<div class=\"elementor-widget-container\">\n\t\t\t\t\t\t\t<form class=\"elementor-form\" method=\"post\" name=\"Neues Modul\" aria-label=\"Neues Modul\">\n\t\t\t<input type=\"hidden\" name=\"post_id\" value=\"2321\"\/>\n\t\t\t<input type=\"hidden\" name=\"form_id\" value=\"2693d17\"\/>\n\t\t\t<input type=\"hidden\" name=\"referer_title\" value=\"Contattare il Campofiore: prenota agriturismo veneto\" \/>\n\n\t\t\t\t\t\t\t<input type=\"hidden\" name=\"queried_id\" value=\"2321\"\/>\n\t\t\t\n\t\t\t<div class=\"elementor-form-fields-wrapper elementor-labels-\">\n\t\t\t\t\t\t\t\t<div class=\"elementor-field-type-text elementor-field-group elementor-column elementor-field-group-name elementor-col-100\">\n\t\t\t\t\t\t\t\t\t\t\t\t<label for=\"form-field-name\" class=\"elementor-field-label elementor-screen-only\">\n\t\t\t\t\t\t\t\tName\t\t\t\t\t\t\t<\/label>\n\t\t\t\t\t\t\t\t\t\t\t\t\t\t<input size=\"1\" type=\"text\" name=\"form_fields[name]\" id=\"form-field-name\" class=\"elementor-field elementor-size-sm  elementor-field-textual\" placeholder=\"Name\">\n\t\t\t\t\t\t\t\t\t\t\t<\/div>\n\t\t\t\t\t\t\t\t<div class=\"elementor-field-type-email elementor-field-group elementor-column elementor-field-group-email elementor-col-100 elementor-field-required\">\n\t\t\t\t\t\t\t\t\t\t\t\t<label for=\"form-field-email\" class=\"elementor-field-label elementor-screen-only\">\n\t\t\t\t\t\t\t\tEmail\t\t\t\t\t\t\t<\/label>\n\t\t\t\t\t\t\t\t\t\t\t\t\t\t<input size=\"1\" type=\"email\" name=\"form_fields[email]\" id=\"form-field-email\" class=\"elementor-field elementor-size-sm  elementor-field-textual\" placeholder=\"Email\" required=\"required\">\n\t\t\t\t\t\t\t\t\t\t\t<\/div>\n\t\t\t\t\t\t\t\t<div class=\"elementor-field-type-tel elementor-field-group elementor-column elementor-field-group-field_3a6ead0 elementor-col-100\">\n\t\t\t\t\t\t\t\t\t\t\t\t<label for=\"form-field-field_3a6ead0\" class=\"elementor-field-label elementor-screen-only\">\n\t\t\t\t\t\t\t\tTelefon\t\t\t\t\t\t\t<\/label>\n\t\t\t\t\t\t\t\t<input size=\"1\" type=\"tel\" name=\"form_fields[field_3a6ead0]\" id=\"form-field-field_3a6ead0\" class=\"elementor-field elementor-size-sm  elementor-field-textual\" placeholder=\"Telefon\" pattern=\"[0-9()#&amp;+*-=.]+\" title=\"Nur Nummern oder Telefon-Zeichen (#, -, *, etc) werden akzeptiert.\">\n\n\t\t\t\t\t\t<\/div>\n\t\t\t\t\t\t\t\t<div class=\"elementor-field-type-textarea elementor-field-group elementor-column elementor-field-group-message elementor-col-100\">\n\t\t\t\t\t\t\t\t\t\t\t\t<label for=\"form-field-message\" class=\"elementor-field-label elementor-screen-only\">\n\t\t\t\t\t\t\t\tNachricht\t\t\t\t\t\t\t<\/label>\n\t\t\t\t\t\t<textarea class=\"elementor-field-textual elementor-field  elementor-size-sm\" name=\"form_fields[message]\" id=\"form-field-message\" rows=\"4\" placeholder=\"Schreiben Sie Ihre Anfrage hier\"><\/textarea>\t\t\t\t<\/div>\n\t\t\t\t\t\t\t\t<div class=\"elementor-field-type-acceptance elementor-field-group elementor-column elementor-field-group-field_bff74f2 elementor-col-100\">\n\t\t\t\t\t\t\t<div class=\"elementor-field-subgroup\">\n\t\t\t<span class=\"elementor-field-option\">\n\t\t\t\t<input type=\"checkbox\" name=\"form_fields[field_bff74f2]\" id=\"form-field-field_bff74f2\" class=\"elementor-field elementor-size-sm  elementor-acceptance-field\">\n\t\t\t\t<label for=\"form-field-field_bff74f2\">Ich habe die <a href=\"https:\/\/campofiore.eu\/informativa\/\">Informationsschrift gelesen <\/a> und erkl\u00e4re mich mit der Verarbeitung meiner personenbezogenen Daten zu den darin angegebenen Zwecken einverstanden.<\/label>\t\t\t<\/span>\n\t\t<\/div>\n\t\t\t\t\t\t<\/div>\n\t\t\t\t\t\t\t\t<div class=\"elementor-field-type-text\">\n\t\t\t\t\t<input size=\"1\" type=\"text\" name=\"form_fields[field_216662e]\" id=\"form-field-field_216662e\" class=\"elementor-field elementor-size-sm \" style=\"display:none !important;\">\t\t\t\t<\/div>\n\t\t\t\t\t\t\t\t<div class=\"elementor-field-type-recaptcha_v3 elementor-field-group elementor-column elementor-field-group-field_432d8b6 elementor-col-100 recaptcha_v3-bottomright\">\n\t\t\t\t\t<div class=\"elementor-field\" id=\"form-field-field_432d8b6\"><div class=\"elementor-g-recaptcha\" data-sitekey=\"6Le1CgAqAAAAALLfbvou5KegpLcR-5Eo3NlW952V\" data-type=\"v3\" data-action=\"Form\" data-badge=\"bottomright\" data-size=\"invisible\"><\/div><\/div>\t\t\t\t<\/div>\n\t\t\t\t\t\t\t\t<div class=\"elementor-field-group elementor-column elementor-field-type-submit elementor-col-100 e-form__buttons\">\n\t\t\t\t\t<button class=\"elementor-button elementor-size-sm\" type=\"submit\">\n\t\t\t\t\t\t<span class=\"elementor-button-content-wrapper\">\n\t\t\t\t\t\t\t\t\t\t\t\t\t\t\t\t\t\t\t\t\t\t<span class=\"elementor-button-text\">Senden <\/span>\n\t\t\t\t\t\t\t\t\t\t\t\t\t<\/span>\n\t\t\t\t\t<\/button>\n\t\t\t\t<\/div>\n\t\t\t<\/div>\n\t\t<\/form>\n\t\t\t\t\t\t<\/div>\n\t\t\t\t<\/div>\n\t\t\t\t\t<\/div>\n\t\t\t\t<\/div>\n\t\t<div class=\"elementor-element elementor-element-9962054 e-flex e-con-boxed e-con e-child\" data-id=\"9962054\" data-element_type=\"container\" data-e-type=\"container\">\n\t\t\t\t\t<div class=\"e-con-inner\">\n\t\t\t\t<div class=\"elementor-element elementor-element-823bfe6 elementor-widget elementor-widget-heading\" data-id=\"823bfe6\" data-element_type=\"widget\" data-e-type=\"widget\" data-widget_type=\"heading.default\">\n\t\t\t\t<div class=\"elementor-widget-container\">\n\t\t\t\t\t<h2 class=\"elementor-heading-title elementor-size-default\">Anfragen und Buchungen<\/h2>\t\t\t\t<\/div>\n\t\t\t\t<\/div>\n\t\t\t\t<div class=\"elementor-element elementor-element-bd17d94 elementor-widget elementor-widget-text-editor\" data-id=\"bd17d94\" data-element_type=\"widget\" data-e-type=\"widget\" data-widget_type=\"text-editor.default\">\n\t\t\t\t<div class=\"elementor-widget-container\">\n\t\t\t\t\t\t\t\t\t<p>F\u00fcr alle Anfragen oder Fragen laden wir Sie herzlich ein, uns \u00fcber das Kontaktformular zu kontaktieren. Alternativ k\u00f6nnen Sie auch einen der Buchungsdienste nutzen, die oben auf unserer Seite aufgef\u00fchrt sind. Wir freuen uns, Ihnen behilflich zu sein und alle Ihre Anfragen so schnell wie m\u00f6glich zu beantworten.<\/p>\n\t\t\t\t\t\t\t\t<\/div>\n\t\t\t\t<\/div>\n\t\t\t\t\t<\/div>\n\t\t\t\t<\/div>\n\t\t\t\t\t<\/div>\n\t\t\t\t<\/div>\n\t\t\t\t\t<\/div>\n\t\t\t\t<\/div>\n\t\t<div class=\"elementor-element elementor-element-16971d8 e-con-full e-flex e-con e-parent\" data-id=\"16971d8\" data-element_type=\"container\" data-e-type=\"container\">\n\t\t\t\t<div class=\"elementor-element elementor-element-523a563 elementor-widget elementor-widget-google_maps\" data-id=\"523a563\" data-element_type=\"widget\" data-e-type=\"widget\" data-widget_type=\"google_maps.default\">\n\t\t\t\t<div class=\"elementor-widget-container\">\n\t\t\t\t\t\t\t<div class=\"elementor-custom-embed\">\n\t\t\t<iframe loading=\"lazy\"\n\t\t\t\t\tsrc=\"https:\/\/maps.google.com\/maps?q=Country%20House%20Campofiore%20Via%20Isola%20di%2C%20Via%20Isola%20Terranova%2C%2060%2C%2035029%20Pontelongo%20PD&#038;t=m&#038;z=9&#038;output=embed&#038;iwloc=near\"\n\t\t\t\t\ttitle=\"Country House Campofiore Via Isola di, Via Isola Terranova, 60, 35029 Pontelongo PD\"\n\t\t\t\t\taria-label=\"Country House Campofiore Via Isola di, Via Isola Terranova, 60, 35029 Pontelongo PD\"\n\t\t\t><\/iframe>\n\t\t<\/div>\n\t\t\t\t\t\t<\/div>\n\t\t\t\t<\/div>\n\t\t\t\t<\/div>\n\t\t\t\t<\/div>\n\t\t","protected":false},"excerpt":{"rendered":"<p>Country House CampofioreVia Isola Terranova 506,35029 Pontelongo PD +39 333 6482775 info@campofiore.eu Anfragen und Buchungen F\u00fcr alle Anfragen oder Fragen laden wir Sie herzlich ein, uns \u00fcber das Kontaktformular zu kontaktieren. Alternativ k\u00f6nnen Sie auch einen der Buchungsdienste nutzen, die oben auf unserer Seite aufgef\u00fchrt sind. Wir freuen uns, Ihnen behilflich zu sein und alle [&hellip;]<\/p>\n","protected":false},"author":1,"featured_media":0,"parent":0,"menu_order":0,"comment_status":"closed","ping_status":"closed","template":"elementor_header_footer","meta":{"_acf_changed":false,"footnotes":""},"class_list":["post-2321","page","type-page","status-publish","hentry"],"acf":[],"yoast_head":"<!-- This site is optimized with the Yoast SEO plugin v27.3 - https:\/\/yoast.com\/product\/yoast-seo-wordpress\/ -->\n<title>Contattare il Campofiore: prenota agriturismo veneto<\/title>\n<meta name=\"description\" content=\"Contattaci per avere informazioni sull\u2019accesso alla piscina o sul un soggiorno a Campofiore Country House. Clicca qui e prenota agriturismo veneto!\" \/>\n<meta name=\"robots\" content=\"index, follow, max-snippet:-1, max-image-preview:large, max-video-preview:-1\" \/>\n<link rel=\"canonical\" href=\"https:\/\/campofiore.eu\/de\/kontakt\/\" \/>\n<meta property=\"og:locale\" content=\"de_DE\" \/>\n<meta property=\"og:type\" content=\"article\" \/>\n<meta property=\"og:title\" content=\"Contattare il Campofiore: prenota agriturismo veneto\" \/>\n<meta property=\"og:description\" content=\"Contattaci per avere informazioni sull\u2019accesso alla piscina o sul un soggiorno a Campofiore Country House. Clicca qui e prenota agriturismo veneto!\" \/>\n<meta property=\"og:url\" content=\"https:\/\/campofiore.eu\/de\/kontakt\/\" \/>\n<meta property=\"og:site_name\" content=\"Campofiore\" \/>\n<meta property=\"article:modified_time\" content=\"2025-07-11T10:37:50+00:00\" \/>\n<meta property=\"og:image\" content=\"https:\/\/campofiore.eu\/wp-content\/uploads\/2024\/04\/booking.png\" \/>\n\t<meta property=\"og:image:width\" content=\"479\" \/>\n\t<meta property=\"og:image:height\" content=\"79\" \/>\n\t<meta property=\"og:image:type\" content=\"image\/png\" \/>\n<meta name=\"twitter:card\" content=\"summary_large_image\" \/>\n<script type=\"application\/ld+json\" class=\"yoast-schema-graph\">{\"@context\":\"https:\\\/\\\/schema.org\",\"@graph\":[{\"@type\":\"WebPage\",\"@id\":\"https:\\\/\\\/campofiore.eu\\\/de\\\/kontakt\\\/\",\"url\":\"https:\\\/\\\/campofiore.eu\\\/de\\\/kontakt\\\/\",\"name\":\"Contattare il Campofiore: prenota agriturismo veneto\",\"isPartOf\":{\"@id\":\"https:\\\/\\\/campofiore.eu\\\/de\\\/#website\"},\"primaryImageOfPage\":{\"@id\":\"https:\\\/\\\/campofiore.eu\\\/de\\\/kontakt\\\/#primaryimage\"},\"image\":{\"@id\":\"https:\\\/\\\/campofiore.eu\\\/de\\\/kontakt\\\/#primaryimage\"},\"thumbnailUrl\":\"https:\\\/\\\/campofiore.eu\\\/wp-content\\\/uploads\\\/2024\\\/04\\\/booking.png\",\"datePublished\":\"2024-03-26T09:33:17+00:00\",\"dateModified\":\"2025-07-11T10:37:50+00:00\",\"description\":\"Contattaci per avere informazioni sull\u2019accesso alla piscina o sul un soggiorno a Campofiore Country House. Clicca qui e prenota agriturismo veneto!\",\"breadcrumb\":{\"@id\":\"https:\\\/\\\/campofiore.eu\\\/de\\\/kontakt\\\/#breadcrumb\"},\"inLanguage\":\"de\",\"potentialAction\":[{\"@type\":\"ReadAction\",\"target\":[\"https:\\\/\\\/campofiore.eu\\\/de\\\/kontakt\\\/\"]}]},{\"@type\":\"ImageObject\",\"inLanguage\":\"de\",\"@id\":\"https:\\\/\\\/campofiore.eu\\\/de\\\/kontakt\\\/#primaryimage\",\"url\":\"https:\\\/\\\/campofiore.eu\\\/wp-content\\\/uploads\\\/2024\\\/04\\\/booking.png\",\"contentUrl\":\"https:\\\/\\\/campofiore.eu\\\/wp-content\\\/uploads\\\/2024\\\/04\\\/booking.png\"},{\"@type\":\"BreadcrumbList\",\"@id\":\"https:\\\/\\\/campofiore.eu\\\/de\\\/kontakt\\\/#breadcrumb\",\"itemListElement\":[{\"@type\":\"ListItem\",\"position\":1,\"name\":\"Home\",\"item\":\"https:\\\/\\\/campofiore.eu\\\/de\\\/\"},{\"@type\":\"ListItem\",\"position\":2,\"name\":\"Kontakt\"}]},{\"@type\":\"WebSite\",\"@id\":\"https:\\\/\\\/campofiore.eu\\\/de\\\/#website\",\"url\":\"https:\\\/\\\/campofiore.eu\\\/de\\\/\",\"name\":\"Campofiore\",\"description\":\"\",\"publisher\":{\"@id\":\"https:\\\/\\\/campofiore.eu\\\/de\\\/#organization\"},\"potentialAction\":[{\"@type\":\"SearchAction\",\"target\":{\"@type\":\"EntryPoint\",\"urlTemplate\":\"https:\\\/\\\/campofiore.eu\\\/de\\\/?s={search_term_string}\"},\"query-input\":{\"@type\":\"PropertyValueSpecification\",\"valueRequired\":true,\"valueName\":\"search_term_string\"}}],\"inLanguage\":\"de\"},{\"@type\":\"Organization\",\"@id\":\"https:\\\/\\\/campofiore.eu\\\/de\\\/#organization\",\"name\":\"Campofiore\",\"url\":\"https:\\\/\\\/campofiore.eu\\\/de\\\/\",\"logo\":{\"@type\":\"ImageObject\",\"inLanguage\":\"de\",\"@id\":\"https:\\\/\\\/campofiore.eu\\\/de\\\/#\\\/schema\\\/logo\\\/image\\\/\",\"url\":\"https:\\\/\\\/campofiore.eu\\\/wp-content\\\/uploads\\\/2023\\\/09\\\/logo.png\",\"contentUrl\":\"https:\\\/\\\/campofiore.eu\\\/wp-content\\\/uploads\\\/2023\\\/09\\\/logo.png\",\"width\":2100,\"height\":615,\"caption\":\"Campofiore\"},\"image\":{\"@id\":\"https:\\\/\\\/campofiore.eu\\\/de\\\/#\\\/schema\\\/logo\\\/image\\\/\"}}]}<\/script>\n<!-- \/ Yoast SEO plugin. -->","yoast_head_json":{"title":"Contattare il Campofiore: prenota agriturismo veneto","description":"Contattaci per avere informazioni sull\u2019accesso alla piscina o sul un soggiorno a Campofiore Country House. Clicca qui e prenota agriturismo veneto!","robots":{"index":"index","follow":"follow","max-snippet":"max-snippet:-1","max-image-preview":"max-image-preview:large","max-video-preview":"max-video-preview:-1"},"canonical":"https:\/\/campofiore.eu\/de\/kontakt\/","og_locale":"de_DE","og_type":"article","og_title":"Contattare il Campofiore: prenota agriturismo veneto","og_description":"Contattaci per avere informazioni sull\u2019accesso alla piscina o sul un soggiorno a Campofiore Country House. Clicca qui e prenota agriturismo veneto!","og_url":"https:\/\/campofiore.eu\/de\/kontakt\/","og_site_name":"Campofiore","article_modified_time":"2025-07-11T10:37:50+00:00","og_image":[{"width":479,"height":79,"url":"https:\/\/campofiore.eu\/wp-content\/uploads\/2024\/04\/booking.png","type":"image\/png"}],"twitter_card":"summary_large_image","schema":{"@context":"https:\/\/schema.org","@graph":[{"@type":"WebPage","@id":"https:\/\/campofiore.eu\/de\/kontakt\/","url":"https:\/\/campofiore.eu\/de\/kontakt\/","name":"Contattare il Campofiore: prenota agriturismo veneto","isPartOf":{"@id":"https:\/\/campofiore.eu\/de\/#website"},"primaryImageOfPage":{"@id":"https:\/\/campofiore.eu\/de\/kontakt\/#primaryimage"},"image":{"@id":"https:\/\/campofiore.eu\/de\/kontakt\/#primaryimage"},"thumbnailUrl":"https:\/\/campofiore.eu\/wp-content\/uploads\/2024\/04\/booking.png","datePublished":"2024-03-26T09:33:17+00:00","dateModified":"2025-07-11T10:37:50+00:00","description":"Contattaci per avere informazioni sull\u2019accesso alla piscina o sul un soggiorno a Campofiore Country House. Clicca qui e prenota agriturismo veneto!","breadcrumb":{"@id":"https:\/\/campofiore.eu\/de\/kontakt\/#breadcrumb"},"inLanguage":"de","potentialAction":[{"@type":"ReadAction","target":["https:\/\/campofiore.eu\/de\/kontakt\/"]}]},{"@type":"ImageObject","inLanguage":"de","@id":"https:\/\/campofiore.eu\/de\/kontakt\/#primaryimage","url":"https:\/\/campofiore.eu\/wp-content\/uploads\/2024\/04\/booking.png","contentUrl":"https:\/\/campofiore.eu\/wp-content\/uploads\/2024\/04\/booking.png"},{"@type":"BreadcrumbList","@id":"https:\/\/campofiore.eu\/de\/kontakt\/#breadcrumb","itemListElement":[{"@type":"ListItem","position":1,"name":"Home","item":"https:\/\/campofiore.eu\/de\/"},{"@type":"ListItem","position":2,"name":"Kontakt"}]},{"@type":"WebSite","@id":"https:\/\/campofiore.eu\/de\/#website","url":"https:\/\/campofiore.eu\/de\/","name":"Campofiore","description":"","publisher":{"@id":"https:\/\/campofiore.eu\/de\/#organization"},"potentialAction":[{"@type":"SearchAction","target":{"@type":"EntryPoint","urlTemplate":"https:\/\/campofiore.eu\/de\/?s={search_term_string}"},"query-input":{"@type":"PropertyValueSpecification","valueRequired":true,"valueName":"search_term_string"}}],"inLanguage":"de"},{"@type":"Organization","@id":"https:\/\/campofiore.eu\/de\/#organization","name":"Campofiore","url":"https:\/\/campofiore.eu\/de\/","logo":{"@type":"ImageObject","inLanguage":"de","@id":"https:\/\/campofiore.eu\/de\/#\/schema\/logo\/image\/","url":"https:\/\/campofiore.eu\/wp-content\/uploads\/2023\/09\/logo.png","contentUrl":"https:\/\/campofiore.eu\/wp-content\/uploads\/2023\/09\/logo.png","width":2100,"height":615,"caption":"Campofiore"},"image":{"@id":"https:\/\/campofiore.eu\/de\/#\/schema\/logo\/image\/"}}]}},"_links":{"self":[{"href":"https:\/\/campofiore.eu\/de\/wp-json\/wp\/v2\/pages\/2321","targetHints":{"allow":["GET"]}}],"collection":[{"href":"https:\/\/campofiore.eu\/de\/wp-json\/wp\/v2\/pages"}],"about":[{"href":"https:\/\/campofiore.eu\/de\/wp-json\/wp\/v2\/types\/page"}],"author":[{"embeddable":true,"href":"https:\/\/campofiore.eu\/de\/wp-json\/wp\/v2\/users\/1"}],"replies":[{"embeddable":true,"href":"https:\/\/campofiore.eu\/de\/wp-json\/wp\/v2\/comments?post=2321"}],"version-history":[{"count":1,"href":"https:\/\/campofiore.eu\/de\/wp-json\/wp\/v2\/pages\/2321\/revisions"}],"predecessor-version":[{"id":2328,"href":"https:\/\/campofiore.eu\/de\/wp-json\/wp\/v2\/pages\/2321\/revisions\/2328"}],"wp:attachment":[{"href":"https:\/\/campofiore.eu\/de\/wp-json\/wp\/v2\/media?parent=2321"}],"curies":[{"name":"wp","href":"https:\/\/api.w.org\/{rel}","templated":true}]}}